{"id":986,"date":"2025-02-14T04:00:56","date_gmt":"2025-02-14T04:00:56","guid":{"rendered":"https:\/\/shthemes.net\/demosd\/ailandwp\/?page_id=986"},"modified":"2025-12-31T14:09:43","modified_gmt":"2025-12-31T14:09:43","slug":"kurumsal","status":"publish","type":"page","link":"https:\/\/www.matgrupas.com\/en\/kurumsal\/","title":{"rendered":"Corporate"},"content":{"rendered":"<div data-elementor-type=\"wp-page\" data-elementor-id=\"986\" class=\"elementor elementor-986\" data-elementor-post-type=\"page\">\n\t\t\t\t<div class=\"elementor-element elementor-element-4c8a982 e-flex e-con-boxed e-con e-parent\" data-id=\"4c8a982\" data-element_type=\"container\">\n\t\t\t\t\t<div class=\"e-con-inner\">\n\t\t<div class=\"elementor-element elementor-element-cbc8ae7 e-con-full e-flex e-con e-child\" data-id=\"cbc8ae7\" data-element_type=\"container\">\n\t\t\t\t<div class=\"elementor-element elementor-element-b9fda1a elementor-widget elementor-widget-heading\" data-id=\"b9fda1a\" data-element_type=\"widget\" data-widget_type=\"heading.default\">\n\t\t\t\t\t<h2 class=\"elementor-heading-title elementor-size-default\">G\u00fcvenle \u0130n\u015fa Edilen<br> Bir Vizyon<\/h2>\t\t\t\t<\/div>\n\t\t\t\t<div class=\"elementor-element elementor-element-915f61c elementor-widget elementor-widget-text-editor\" data-id=\"915f61c\" data-element_type=\"widget\" data-widget_type=\"text-editor.default\">\n\t\t\t\t\t\t\t\t\t<p>Based in Kocaeli <strong>MAT GRUP\u00a0A.\u015e.<\/strong>, modern m\u00fchendislik anlay\u0131\u015f\u0131, g\u00fc\u00e7l\u00fc teknik kadrosu ve s\u00fcrd\u00fcr\u00fclebilir yap\u0131 vizyonu ile in\u015faat sekt\u00f6r\u00fcnde g\u00fcvenin ad\u0131 olmay\u0131 hedefleyen bir in\u015faat \u015firketidir. <br \/><br \/>Kuruldu\u011fu g\u00fcnden bu yana kalite, dayan\u0131kl\u0131l\u0131k ve uzun \u00f6m\u00fcrl\u00fc yap\u0131 prensiplerini merkezine alarak; konut, ticari alanlar, end\u00fcstriyel yap\u0131lar ve altyap\u0131 projelerinde nitelikli \u00e7\u00f6z\u00fcmler \u00fcretmektedir.<br \/><br \/><\/p>\t\t\t\t\t\t\t\t<\/div>\n\t\t\t\t<\/div>\n\t\t<div class=\"elementor-element elementor-element-539db68 e-con-full e-flex e-con e-child\" data-id=\"539db68\" data-element_type=\"container\">\n\t\t\t\t<div class=\"elementor-element elementor-element-a174f77 elementor-widget elementor-widget-image\" data-id=\"a174f77\" data-element_type=\"widget\" data-widget_type=\"image.default\">\n\t\t\t\t\t\t\t\t\t\t\t\t\t\t\t<img fetchpriority=\"high\" decoding=\"async\" width=\"900\" height=\"600\" src=\"https:\/\/www.matgrupas.com\/wp-content\/uploads\/2025\/12\/mat-group-s-gorseller.jpg\" class=\"attachment-large size-large wp-image-3361\" alt=\"\" srcset=\"https:\/\/www.matgrupas.com\/wp-content\/uploads\/2025\/12\/mat-group-s-gorseller.jpg 900w, https:\/\/www.matgrupas.com\/wp-content\/uploads\/2025\/12\/mat-group-s-gorseller-300x200.jpg 300w, https:\/\/www.matgrupas.com\/wp-content\/uploads\/2025\/12\/mat-group-s-gorseller-768x512.jpg 768w, https:\/\/www.matgrupas.com\/wp-content\/uploads\/2025\/12\/mat-group-s-gorseller-18x12.jpg 18w\" sizes=\"(max-width: 900px) 100vw, 900px\" \/>\t\t\t\t\t\t\t\t\t\t\t\t\t\t\t<\/div>\n\t\t\t\t<\/div>\n\t\t\t\t\t<\/div>\n\t\t\t\t<\/div>\n\t\t\t\t<\/div>","protected":false},"excerpt":{"rendered":"<p>G\u00fcvenle \u0130n\u015fa Edilen Bir Vizyon Kocaeli merkezli MAT GRUP\u00a0A.\u015e., modern m\u00fchendislik anlay\u0131\u015f\u0131, g\u00fc\u00e7l\u00fc teknik kadrosu ve s\u00fcrd\u00fcr\u00fclebilir yap\u0131 vizyonu ile in\u015faat sekt\u00f6r\u00fcnde g\u00fcvenin ad\u0131 olmay\u0131 hedefleyen bir in\u015faat \u015firketidir. Kuruldu\u011fu g\u00fcnden bu yana kalite, dayan\u0131kl\u0131l\u0131k ve uzun \u00f6m\u00fcrl\u00fc yap\u0131 prensiplerini merkezine alarak; konut, ticari alanlar, end\u00fcstriyel yap\u0131lar ve altyap\u0131 projelerinde nitelikli \u00e7\u00f6z\u00fcmler \u00fcretmektedir.<\/p>","protected":false},"author":1,"featured_media":0,"parent":0,"menu_order":0,"comment_status":"closed","ping_status":"closed","template":"page-templates\/other-pages.php","meta":{"footnotes":""},"class_list":["post-986","page","type-page","status-publish","hentry"],"_links":{"self":[{"href":"https:\/\/www.matgrupas.com\/en\/wp-json\/wp\/v2\/pages\/986","targetHints":{"allow":["GET"]}}],"collection":[{"href":"https:\/\/www.matgrupas.com\/en\/wp-json\/wp\/v2\/pages"}],"about":[{"href":"https:\/\/www.matgrupas.com\/en\/wp-json\/wp\/v2\/types\/page"}],"author":[{"embeddable":true,"href":"https:\/\/www.matgrupas.com\/en\/wp-json\/wp\/v2\/users\/1"}],"replies":[{"embeddable":true,"href":"https:\/\/www.matgrupas.com\/en\/wp-json\/wp\/v2\/comments?post=986"}],"version-history":[{"count":118,"href":"https:\/\/www.matgrupas.com\/en\/wp-json\/wp\/v2\/pages\/986\/revisions"}],"predecessor-version":[{"id":3647,"href":"https:\/\/www.matgrupas.com\/en\/wp-json\/wp\/v2\/pages\/986\/revisions\/3647"}],"wp:attachment":[{"href":"https:\/\/www.matgrupas.com\/en\/wp-json\/wp\/v2\/media?parent=986"}],"curies":[{"name":"wp","href":"https:\/\/api.w.org\/{rel}","templated":true}]}}