{"id":3648,"date":"2025-12-31T14:11:20","date_gmt":"2025-12-31T14:11:20","guid":{"rendered":"https:\/\/matgrupas.com\/?page_id=3648"},"modified":"2025-12-31T15:47:50","modified_gmt":"2025-12-31T15:47:50","slug":"faaliyet-alanlarimiz","status":"publish","type":"page","link":"https:\/\/www.matgrupas.com\/en\/faaliyet-alanlarimiz\/","title":{"rendered":"Faaliyet Alanlar\u0131m\u0131z"},"content":{"rendered":"<div data-elementor-type=\"wp-page\" data-elementor-id=\"3648\" class=\"elementor elementor-3648\" data-elementor-post-type=\"page\">\n\t\t\t\t<div class=\"elementor-element elementor-element-4c8a982 e-flex e-con-boxed e-con e-parent\" data-id=\"4c8a982\" data-element_type=\"container\">\n\t\t\t\t\t<div class=\"e-con-inner\">\n\t\t<div class=\"elementor-element elementor-element-cbc8ae7 e-con-full e-flex e-con e-child\" data-id=\"cbc8ae7\" data-element_type=\"container\">\n\t\t\t\t<div class=\"elementor-element elementor-element-a174f77 elementor-widget elementor-widget-image\" data-id=\"a174f77\" data-element_type=\"widget\" data-widget_type=\"image.default\">\n\t\t\t\t\t\t\t\t\t\t\t\t\t\t\t<img fetchpriority=\"high\" decoding=\"async\" width=\"639\" height=\"420\" src=\"https:\/\/www.matgrupas.com\/wp-content\/uploads\/2025\/12\/faaliyet-alanlarimiz-acelli.jpg\" class=\"attachment-large size-large wp-image-3661\" alt=\"\" srcset=\"https:\/\/www.matgrupas.com\/wp-content\/uploads\/2025\/12\/faaliyet-alanlarimiz-acelli.jpg 639w, https:\/\/www.matgrupas.com\/wp-content\/uploads\/2025\/12\/faaliyet-alanlarimiz-acelli-300x197.jpg 300w, https:\/\/www.matgrupas.com\/wp-content\/uploads\/2025\/12\/faaliyet-alanlarimiz-acelli-18x12.jpg 18w\" sizes=\"(max-width: 639px) 100vw, 639px\" \/>\t\t\t\t\t\t\t\t\t\t\t\t\t\t\t<\/div>\n\t\t\t\t<\/div>\n\t\t<div class=\"elementor-element elementor-element-539db68 e-con-full e-flex e-con e-child\" data-id=\"539db68\" data-element_type=\"container\">\n\t\t\t\t<div class=\"elementor-element elementor-element-fcc6fec elementor-widget elementor-widget-heading\" data-id=\"fcc6fec\" data-element_type=\"widget\" data-widget_type=\"heading.default\">\n\t\t\t\t\t<h2 class=\"elementor-heading-title elementor-size-default\">Makina Ekipman <br> Montaj Kurulum Hizmetleri<\/h2>\t\t\t\t<\/div>\n\t\t\t\t<div class=\"elementor-element elementor-element-915f61c elementor-widget elementor-widget-text-editor\" data-id=\"915f61c\" data-element_type=\"widget\" data-widget_type=\"text-editor.default\">\n\t\t\t\t\t\t\t\t\t<p>\u0130talyan A.Celli Nonwoven makinelerinin yurti\u00e7i ve yurt d\u0131\u015f\u0131nda\u00a0 (Rusya, \u00d6zbekistan, Ukrayna, M\u0131s\u0131r, Pakistan ve Arabistan) mekanik, elektrik ve pn\u00f6matik kurulumlar\u0131n\u0131 yaparak makineleri devreye almaya haz\u0131r halde teslim etmektedir.<\/p>\t\t\t\t\t\t\t\t<\/div>\n\t\t\t\t<div class=\"elementor-element elementor-element-3f3170f elementor-widget elementor-widget-image\" data-id=\"3f3170f\" data-element_type=\"widget\" data-widget_type=\"image.default\">\n\t\t\t\t\t\t\t\t\t\t\t\t\t\t\t<img decoding=\"async\" width=\"400\" height=\"150\" src=\"https:\/\/www.matgrupas.com\/wp-content\/uploads\/2025\/12\/acelli-w.jpg\" class=\"attachment-large size-large wp-image-3671\" alt=\"\" srcset=\"https:\/\/www.matgrupas.com\/wp-content\/uploads\/2025\/12\/acelli-w.jpg 400w, https:\/\/www.matgrupas.com\/wp-content\/uploads\/2025\/12\/acelli-w-300x113.jpg 300w, https:\/\/www.matgrupas.com\/wp-content\/uploads\/2025\/12\/acelli-w-18x7.jpg 18w\" sizes=\"(max-width: 400px) 100vw, 400px\" \/>\t\t\t\t\t\t\t\t\t\t\t\t\t\t\t<\/div>\n\t\t\t\t<\/div>\n\t\t\t\t\t<\/div>\n\t\t\t\t<\/div>\n\t\t<div class=\"elementor-element elementor-element-fad0bbe e-flex e-con-boxed e-con e-parent\" data-id=\"fad0bbe\" data-element_type=\"container\">\n\t\t\t\t\t<div class=\"e-con-inner\">\n\t\t<div class=\"elementor-element elementor-element-53fd371 e-con-full e-flex e-con e-child\" data-id=\"53fd371\" data-element_type=\"container\">\n\t\t\t\t<div class=\"elementor-element elementor-element-e32d1db elementor-widget elementor-widget-heading\" data-id=\"e32d1db\" data-element_type=\"widget\" data-widget_type=\"heading.default\">\n\t\t\t\t\t<h2 class=\"elementor-heading-title elementor-size-default\">Prefabrik <br>Yap\u0131 \u0130malatlar\u0131<\/h2>\t\t\t\t<\/div>\n\t\t\t\t<div class=\"elementor-element elementor-element-ac7db63 elementor-widget elementor-widget-text-editor\" data-id=\"ac7db63\" data-element_type=\"widget\" data-widget_type=\"text-editor.default\">\n\t\t\t\t\t\t\t\t\t<p>Prefabrik yap\u0131 elemanlar\u0131 imalat\u0131 yan\u0131 s\u0131ra, AG pano alt\u0131 beton kaideler, Prefabrik Beton trafo binas\u0131 imal edip, T\u00fcrkiye genelinde montaj hizmeti vermektedir.<\/p>\t\t\t\t\t\t\t\t<\/div>\n\t\t\t\t<\/div>\n\t\t<div class=\"elementor-element elementor-element-b0aa369 e-con-full e-flex e-con e-child\" data-id=\"b0aa369\" data-element_type=\"container\">\n\t\t\t\t<div class=\"elementor-element elementor-element-6cf2244 elementor-widget elementor-widget-image\" data-id=\"6cf2244\" data-element_type=\"widget\" data-widget_type=\"image.default\">\n\t\t\t\t\t\t\t\t\t\t\t\t\t\t\t<img decoding=\"async\" width=\"900\" height=\"438\" src=\"https:\/\/www.matgrupas.com\/wp-content\/uploads\/2025\/12\/Resim27-1024x498.png\" class=\"attachment-large size-large wp-image-3429\" alt=\"\" srcset=\"https:\/\/www.matgrupas.com\/wp-content\/uploads\/2025\/12\/Resim27-1024x498.png 1024w, https:\/\/www.matgrupas.com\/wp-content\/uploads\/2025\/12\/Resim27-300x146.png 300w, https:\/\/www.matgrupas.com\/wp-content\/uploads\/2025\/12\/Resim27-768x374.png 768w, https:\/\/www.matgrupas.com\/wp-content\/uploads\/2025\/12\/Resim27-1536x747.png 1536w, https:\/\/www.matgrupas.com\/wp-content\/uploads\/2025\/12\/Resim27-18x9.png 18w, https:\/\/www.matgrupas.com\/wp-content\/uploads\/2025\/12\/Resim27.png 1636w\" sizes=\"(max-width: 900px) 100vw, 900px\" \/>\t\t\t\t\t\t\t\t\t\t\t\t\t\t\t<\/div>\n\t\t\t\t<\/div>\n\t\t\t\t\t<\/div>\n\t\t\t\t<\/div>\n\t\t<div class=\"elementor-element elementor-element-90316a9 e-flex e-con-boxed e-con e-parent\" data-id=\"90316a9\" data-element_type=\"container\">\n\t\t\t\t\t<div class=\"e-con-inner\">\n\t\t<div class=\"elementor-element elementor-element-a202148 e-con-full e-flex e-con e-child\" data-id=\"a202148\" data-element_type=\"container\">\n\t\t\t\t<div class=\"elementor-element elementor-element-8a66037 elementor-widget elementor-widget-image\" data-id=\"8a66037\" data-element_type=\"widget\" data-widget_type=\"image.default\">\n\t\t\t\t\t\t\t\t\t\t\t\t\t\t\t<img loading=\"lazy\" decoding=\"async\" width=\"900\" height=\"536\" src=\"https:\/\/www.matgrupas.com\/wp-content\/uploads\/2025\/12\/k5-1-1-1.jpg\" class=\"attachment-large size-large wp-image-2743\" alt=\"\" srcset=\"https:\/\/www.matgrupas.com\/wp-content\/uploads\/2025\/12\/k5-1-1-1.jpg 1000w, https:\/\/www.matgrupas.com\/wp-content\/uploads\/2025\/12\/k5-1-1-1-300x179.jpg 300w, https:\/\/www.matgrupas.com\/wp-content\/uploads\/2025\/12\/k5-1-1-1-768x458.jpg 768w, https:\/\/www.matgrupas.com\/wp-content\/uploads\/2025\/12\/k5-1-1-1-18x12.jpg 18w\" sizes=\"(max-width: 900px) 100vw, 900px\" \/>\t\t\t\t\t\t\t\t\t\t\t\t\t\t\t<\/div>\n\t\t\t\t<\/div>\n\t\t<div class=\"elementor-element elementor-element-0ce2c44 e-con-full e-flex e-con e-child\" data-id=\"0ce2c44\" data-element_type=\"container\">\n\t\t\t\t<div class=\"elementor-element elementor-element-19d0613 elementor-widget elementor-widget-heading\" data-id=\"19d0613\" data-element_type=\"widget\" data-widget_type=\"heading.default\">\n\t\t\t\t\t<h2 class=\"elementor-heading-title elementor-size-default\">\u0130n\u015faat <\/h2>\t\t\t\t<\/div>\n\t\t\t\t<div class=\"elementor-element elementor-element-96ee7b0 elementor-widget elementor-widget-text-editor\" data-id=\"96ee7b0\" data-element_type=\"widget\" data-widget_type=\"text-editor.default\">\n\t\t\t\t\t\t\t\t\t<p>Mat Grup, Konut ve ya\u015fam projelerinde \u00e7a\u011fda\u015f mimari anlay\u0131\u015f\u0131yla hareket eden, planlama ve uygulama s\u00fcre\u00e7lerini b\u00fct\u00fcnc\u00fcl bir bak\u0131\u015f a\u00e7\u0131s\u0131yla ele alan bir yap\u0131 anlay\u0131\u015f\u0131n\u0131 temsil eder. Her projede, estetik de\u011fer ile fonksiyonelli\u011fi dengede tutan \u00e7\u00f6z\u00fcmler geli\u015ftirilir.\u00a0<br \/><br \/>Residence, konut ve villa projelerinde; kullan\u0131c\u0131 ihtiya\u00e7lar\u0131n\u0131 merkeze alan planlamalar, ferah ya\u015fam alanlar\u0131 ve \u00e7evreyle uyumlu mimari detaylar \u00f6n planda tutulur. Mek\u00e2nlar\u0131n sadece bug\u00fcn\u00fcn beklentilerine de\u011fil, uzun vadeli ya\u015fam konforuna da cevap vermesi hedeflenir.<\/p>\t\t\t\t\t\t\t\t<\/div>\n\t\t\t\t<\/div>\n\t\t\t\t\t<\/div>\n\t\t\t\t<\/div>\n\t\t<div class=\"elementor-element elementor-element-694137d e-flex e-con-boxed e-con e-parent\" data-id=\"694137d\" data-element_type=\"container\">\n\t\t\t\t\t<div class=\"e-con-inner\">\n\t\t\t\t<div class=\"elementor-element elementor-element-4dfce85 elementor-widget elementor-widget-heading\" data-id=\"4dfce85\" data-element_type=\"widget\" data-widget_type=\"heading.default\">\n\t\t\t\t\t<h2 class=\"elementor-heading-title elementor-size-default\">ISO Belgelerimiz<\/h2>\t\t\t\t<\/div>\n\t\t\t\t<div class=\"elementor-element elementor-element-5424bc2 gallery-spacing-custom elementor-widget elementor-widget-image-gallery\" data-id=\"5424bc2\" data-element_type=\"widget\" data-widget_type=\"image-gallery.default\">\n\t\t\t\t\t\t\t<div class=\"elementor-image-gallery\">\n\t\t\t\n\t\t<style type=\"text\/css\">\n\t\t\t#gallery-1 {\n\t\t\t\tmargin: auto;\n\t\t\t}\n\t\t\t#gallery-1 .gallery-item {\n\t\t\t\tfloat: left;\n\t\t\t\tmargin-top: 10px;\n\t\t\t\ttext-align: center;\n\t\t\t\twidth: 20%;\n\t\t\t}\n\t\t\t#gallery-1 img {\n\t\t\t\tborder: 2px solid #cfcfcf;\n\t\t\t}\n\t\t\t#gallery-1 .gallery-caption {\n\t\t\t\tmargin-left: 0;\n\t\t\t}\n\t\t\t\/* see gallery_shortcode() in wp-includes\/media.php *\/\n\t\t<\/style>\n\t\t<div id='gallery-1' class='gallery galleryid-3648 gallery-columns-5 gallery-size-large'><dl class='gallery-item'>\n\t\t\t<dt class='gallery-icon portrait'>\n\t\t\t\t<img loading=\"lazy\" decoding=\"async\" width=\"724\" height=\"1024\" src=\"https:\/\/www.matgrupas.com\/wp-content\/uploads\/2025\/12\/7-F-863-R07-CERTIFICATE-EN-ISO-3834-EN_1-scaled-1-724x1024.png\" class=\"attachment-large size-large\" alt=\"\" srcset=\"https:\/\/www.matgrupas.com\/wp-content\/uploads\/2025\/12\/7-F-863-R07-CERTIFICATE-EN-ISO-3834-EN_1-scaled-1-724x1024.png 724w, https:\/\/www.matgrupas.com\/wp-content\/uploads\/2025\/12\/7-F-863-R07-CERTIFICATE-EN-ISO-3834-EN_1-scaled-1-212x300.png 212w, https:\/\/www.matgrupas.com\/wp-content\/uploads\/2025\/12\/7-F-863-R07-CERTIFICATE-EN-ISO-3834-EN_1-scaled-1-768x1086.png 768w, https:\/\/www.matgrupas.com\/wp-content\/uploads\/2025\/12\/7-F-863-R07-CERTIFICATE-EN-ISO-3834-EN_1-scaled-1-8x12.png 8w, https:\/\/www.matgrupas.com\/wp-content\/uploads\/2025\/12\/7-F-863-R07-CERTIFICATE-EN-ISO-3834-EN_1-scaled-1.png 1000w\" sizes=\"(max-width: 724px) 100vw, 724px\" \/>\n\t\t\t<\/dt><\/dl><dl class='gallery-item'>\n\t\t\t<dt class='gallery-icon portrait'>\n\t\t\t\t<img loading=\"lazy\" decoding=\"async\" width=\"724\" height=\"1024\" src=\"https:\/\/www.matgrupas.com\/wp-content\/uploads\/2025\/12\/F-866-R08-EN-1090-CERTIFICATE-EN_1-scaled-1-724x1024.png\" class=\"attachment-large size-large\" alt=\"\" srcset=\"https:\/\/www.matgrupas.com\/wp-content\/uploads\/2025\/12\/F-866-R08-EN-1090-CERTIFICATE-EN_1-scaled-1-724x1024.png 724w, https:\/\/www.matgrupas.com\/wp-content\/uploads\/2025\/12\/F-866-R08-EN-1090-CERTIFICATE-EN_1-scaled-1-212x300.png 212w, https:\/\/www.matgrupas.com\/wp-content\/uploads\/2025\/12\/F-866-R08-EN-1090-CERTIFICATE-EN_1-scaled-1-768x1086.png 768w, https:\/\/www.matgrupas.com\/wp-content\/uploads\/2025\/12\/F-866-R08-EN-1090-CERTIFICATE-EN_1-scaled-1-8x12.png 8w, https:\/\/www.matgrupas.com\/wp-content\/uploads\/2025\/12\/F-866-R08-EN-1090-CERTIFICATE-EN_1-scaled-1.png 1000w\" sizes=\"(max-width: 724px) 100vw, 724px\" \/>\n\t\t\t<\/dt><\/dl><dl class='gallery-item'>\n\t\t\t<dt class='gallery-icon portrait'>\n\t\t\t\t<img loading=\"lazy\" decoding=\"async\" width=\"724\" height=\"1024\" src=\"https:\/\/www.matgrupas.com\/wp-content\/uploads\/2025\/12\/ISO-9001-2025_1-scaled-1-724x1024.png\" class=\"attachment-large size-large\" alt=\"\" srcset=\"https:\/\/www.matgrupas.com\/wp-content\/uploads\/2025\/12\/ISO-9001-2025_1-scaled-1-724x1024.png 724w, https:\/\/www.matgrupas.com\/wp-content\/uploads\/2025\/12\/ISO-9001-2025_1-scaled-1-212x300.png 212w, https:\/\/www.matgrupas.com\/wp-content\/uploads\/2025\/12\/ISO-9001-2025_1-scaled-1-768x1087.png 768w, https:\/\/www.matgrupas.com\/wp-content\/uploads\/2025\/12\/ISO-9001-2025_1-scaled-1-8x12.png 8w, https:\/\/www.matgrupas.com\/wp-content\/uploads\/2025\/12\/ISO-9001-2025_1-scaled-1.png 1000w\" sizes=\"(max-width: 724px) 100vw, 724px\" \/>\n\t\t\t<\/dt><\/dl><dl class='gallery-item'>\n\t\t\t<dt class='gallery-icon portrait'>\n\t\t\t\t<img loading=\"lazy\" decoding=\"async\" width=\"724\" height=\"1024\" src=\"https:\/\/www.matgrupas.com\/wp-content\/uploads\/2025\/12\/ISO-14001-2025_1-scaled-1-724x1024.png\" class=\"attachment-large size-large\" alt=\"\" srcset=\"https:\/\/www.matgrupas.com\/wp-content\/uploads\/2025\/12\/ISO-14001-2025_1-scaled-1-724x1024.png 724w, https:\/\/www.matgrupas.com\/wp-content\/uploads\/2025\/12\/ISO-14001-2025_1-scaled-1-212x300.png 212w, https:\/\/www.matgrupas.com\/wp-content\/uploads\/2025\/12\/ISO-14001-2025_1-scaled-1-768x1087.png 768w, https:\/\/www.matgrupas.com\/wp-content\/uploads\/2025\/12\/ISO-14001-2025_1-scaled-1-8x12.png 8w, https:\/\/www.matgrupas.com\/wp-content\/uploads\/2025\/12\/ISO-14001-2025_1-scaled-1.png 1000w\" sizes=\"(max-width: 724px) 100vw, 724px\" \/>\n\t\t\t<\/dt><\/dl><dl class='gallery-item'>\n\t\t\t<dt class='gallery-icon portrait'>\n\t\t\t\t<img loading=\"lazy\" decoding=\"async\" width=\"724\" height=\"1024\" src=\"https:\/\/www.matgrupas.com\/wp-content\/uploads\/2025\/12\/ISO-45001-2025_1-scaled-1-724x1024.png\" class=\"attachment-large size-large\" alt=\"\" srcset=\"https:\/\/www.matgrupas.com\/wp-content\/uploads\/2025\/12\/ISO-45001-2025_1-scaled-1-724x1024.png 724w, https:\/\/www.matgrupas.com\/wp-content\/uploads\/2025\/12\/ISO-45001-2025_1-scaled-1-212x300.png 212w, https:\/\/www.matgrupas.com\/wp-content\/uploads\/2025\/12\/ISO-45001-2025_1-scaled-1-768x1087.png 768w, https:\/\/www.matgrupas.com\/wp-content\/uploads\/2025\/12\/ISO-45001-2025_1-scaled-1-8x12.png 8w, https:\/\/www.matgrupas.com\/wp-content\/uploads\/2025\/12\/ISO-45001-2025_1-scaled-1.png 1000w\" sizes=\"(max-width: 724px) 100vw, 724px\" \/>\n\t\t\t<\/dt><\/dl><br style=\"clear: both\" \/>\n\t\t<\/div>\n\t\t<\/div>\n\t\t\t\t\t\t<\/div>\n\t\t\t\t\t<\/div>\n\t\t\t\t<\/div>\n\t\t\t\t<\/div>","protected":false},"excerpt":{"rendered":"<p>Makina Ekipman Montaj Kurulum Hizmetleri \u0130talyan A.Celli Nonwoven makinelerinin yurti\u00e7i ve yurt d\u0131\u015f\u0131nda\u00a0 (Rusya, \u00d6zbekistan, Ukrayna, M\u0131s\u0131r, Pakistan ve Arabistan) mekanik, elektrik ve pn\u00f6matik kurulumlar\u0131n\u0131 yaparak makineleri devreye almaya haz\u0131r halde teslim etmektedir. Prefabrik Yap\u0131 \u0130malatlar\u0131 Prefabrik yap\u0131 elemanlar\u0131 imalat\u0131 yan\u0131 s\u0131ra, AG pano alt\u0131 beton kaideler, Prefabrik Beton trafo binas\u0131 imal edip, T\u00fcrkiye genelinde [&hellip;]<\/p>\n","protected":false},"author":1,"featured_media":0,"parent":0,"menu_order":0,"comment_status":"closed","ping_status":"closed","template":"page-templates\/other-pages.php","meta":{"footnotes":""},"class_list":["post-3648","page","type-page","status-publish","hentry"],"_links":{"self":[{"href":"https:\/\/www.matgrupas.com\/en\/wp-json\/wp\/v2\/pages\/3648","targetHints":{"allow":["GET"]}}],"collection":[{"href":"https:\/\/www.matgrupas.com\/en\/wp-json\/wp\/v2\/pages"}],"about":[{"href":"https:\/\/www.matgrupas.com\/en\/wp-json\/wp\/v2\/types\/page"}],"author":[{"embeddable":true,"href":"https:\/\/www.matgrupas.com\/en\/wp-json\/wp\/v2\/users\/1"}],"replies":[{"embeddable":true,"href":"https:\/\/www.matgrupas.com\/en\/wp-json\/wp\/v2\/comments?post=3648"}],"version-history":[{"count":62,"href":"https:\/\/www.matgrupas.com\/en\/wp-json\/wp\/v2\/pages\/3648\/revisions"}],"predecessor-version":[{"id":3767,"href":"https:\/\/www.matgrupas.com\/en\/wp-json\/wp\/v2\/pages\/3648\/revisions\/3767"}],"wp:attachment":[{"href":"https:\/\/www.matgrupas.com\/en\/wp-json\/wp\/v2\/media?parent=3648"}],"curies":[{"name":"wp","href":"https:\/\/api.w.org\/{rel}","templated":true}]}}