{"id":1123,"date":"2025-02-17T08:17:38","date_gmt":"2025-02-17T08:17:38","guid":{"rendered":"https:\/\/shthemes.net\/demosd\/ailandwp\/?page_id=1123"},"modified":"2026-01-06T12:15:25","modified_gmt":"2026-01-06T12:15:25","slug":"iletisim","status":"publish","type":"page","link":"https:\/\/www.matgrupas.com\/en\/iletisim\/","title":{"rendered":"Contact"},"content":{"rendered":"<div data-elementor-type=\"wp-page\" data-elementor-id=\"1123\" class=\"elementor elementor-1123\" data-elementor-post-type=\"page\">\n\t\t\t\t<div class=\"elementor-element elementor-element-64e050c e-con-full e-flex e-con e-parent\" data-id=\"64e050c\" data-element_type=\"container\">\n\t\t\t\t<div class=\"elementor-element elementor-element-f12c435 elementor-align-left elementor-widget elementor-widget-bdevs-banner-blog\" data-id=\"f12c435\" data-element_type=\"widget\" data-widget_type=\"bdevs-banner-blog.default\">\n\t\t\t\t<div class=\"elementor-widget-container\">\n\t\t\t\t\t  \r\n\r\n\t<div class=\"tp-breadcrumb-area bg-position pt-100 p-relative fix\" data-background=\"https:\/\/shthemes.net\/demosd\/ailandwp\/wp-content\/uploads\/2025\/01\/bg.png\">\r\n\t\t\t\t<div class=\"container\">\r\n\t\t\t<div class=\"row\">\r\n\t\t\t\t<div class=\"col-lg-12\">\r\n\t\t\t\t\t<div class=\"tp-breadcrumb-content pt-140 pb-140 text-center p-relative\">\r\n\t\t\t\t\t\t\t\t\t\t\t\t\t<img decoding=\"async\" data-lag=\"0.2\" data-stagger=\"0.08\" class=\"tp-breadcrumb-shape-01 d-none d-xl-block p-absolute\" src=\"https:\/\/shthemes.net\/demosd\/ailandwp\/wp-content\/uploads\/2025\/01\/shape.png\" alt=\"shape\">\r\n\t\t\t\t\t\t\t\t\t\t\t\t\t\t\t\t\t\t\t<img decoding=\"async\" data-lag=\"0.3\" data-stagger=\"0.08\" class=\"tp-breadcrumb-shape-02 d-none d-xl-block p-absolute\" src=\"https:\/\/shthemes.net\/demosd\/ailandwp\/wp-content\/uploads\/2025\/01\/shape4.png\" alt=\"shape\">\r\n\t\t\t\t\t\t\t\t\t\t\t\t\t\t\t\t\t\t\t<img decoding=\"async\" data-lag=\"0.4\" data-stagger=\"0.08\" class=\"tp-breadcrumb-shape-03 d-none d-xl-block p-absolute\" src=\"https:\/\/shthemes.net\/demosd\/ailandwp\/wp-content\/uploads\/2025\/01\/shape2.png\" alt=\"shape\">\r\n\t\t\t\t\t\t\t\t\t\t\t\t\t\t\t\t\t\t\t<img decoding=\"async\" data-lag=\"0.5\" data-stagger=\"0.08\" class=\"tp-breadcrumb-shape-04 d-none d-xl-block p-absolute\" src=\"https:\/\/shthemes.net\/demosd\/ailandwp\/wp-content\/uploads\/2025\/01\/shape3.png\" alt=\"shape\">\r\n\t\t\t\t\t\t\t\t\t\t\t\t\t\t\t\t\t\t\t\t\t\t\t\t\t<h2 class=\"tp-breadcrumb-title tp-title-anim\">Contact<\/h2>\r\n\t\t\t\t\t\t\t\t\t\t\t<\/div>\r\n\t\t\t\t<\/div>\r\n\t\t\t<\/div>\r\n\t\t<\/div>\r\n\t<\/div>\r\n\r\n\t\t\t\t\t<\/div>\n\t\t\t\t<\/div>\n\t\t\t\t<\/div>\n\t\t<div class=\"elementor-element elementor-element-d1572c6 e-flex e-con-boxed e-con e-parent\" data-id=\"d1572c6\" data-element_type=\"container\" data-settings=\"{&quot;background_background&quot;:&quot;classic&quot;}\">\n\t\t\t\t\t<div class=\"e-con-inner\">\n\t\t<div class=\"elementor-element elementor-element-435a325 e-con-full e-flex e-con e-child\" data-id=\"435a325\" data-element_type=\"container\">\n\t\t\t\t<div class=\"elementor-element elementor-element-d9ab010 elementor-widget elementor-widget-heading\" data-id=\"d9ab010\" data-element_type=\"widget\" data-widget_type=\"heading.default\">\n\t\t\t\t\t<h2 class=\"elementor-heading-title elementor-size-default\">Contact Us<\/h2>\t\t\t\t<\/div>\n\t\t\t\t<\/div>\n\t\t<div class=\"elementor-element elementor-element-d0c0788 e-con-full e-flex e-con e-child\" data-id=\"d0c0788\" data-element_type=\"container\">\n\t\t\t\t<div class=\"elementor-element elementor-element-29211f0 elementor-widget elementor-widget-text-editor\" data-id=\"29211f0\" data-element_type=\"widget\" data-widget_type=\"text-editor.default\">\n\t\t\t\t\t\t\t\t\t<p><strong>MAT GRUP A.\u015e<\/strong>as a company, we offer reliable, sustainable, and engineering-focused solutions for your residential, commercial, industrial, and infrastructure projects. You can contact us to learn more about your projects, explore collaboration opportunities, or ask questions.<\/p>\t\t\t\t\t\t\t\t<\/div>\n\t\t\t\t<\/div>\n\t\t\t\t\t<\/div>\n\t\t\t\t<\/div>\n\t\t<div class=\"elementor-element elementor-element-84ce8d4 e-flex e-con-boxed e-con e-parent\" data-id=\"84ce8d4\" data-element_type=\"container\" data-settings=\"{&quot;background_background&quot;:&quot;classic&quot;}\">\n\t\t\t\t\t<div class=\"e-con-inner\">\n\t\t<div class=\"elementor-element elementor-element-63129e8 e-con-full e-flex e-con e-child\" data-id=\"63129e8\" data-element_type=\"container\">\n\t\t\t\t<div class=\"elementor-element elementor-element-438c198 elementor-widget elementor-widget-heading\" data-id=\"438c198\" data-element_type=\"widget\" data-widget_type=\"heading.default\">\n\t\t\t\t\t<h2 class=\"elementor-heading-title elementor-size-default\">Our Contact Information<\/h2>\t\t\t\t<\/div>\n\t\t\t\t<div class=\"elementor-element elementor-element-863e740 elementor-widget elementor-widget-text-editor\" data-id=\"863e740\" data-element_type=\"widget\" data-widget_type=\"text-editor.default\">\n\t\t\t\t\t\t\t\t\t<p>You can contact us for detailed information about our projects, services, and partnerships. <strong>MAT GRUP A.\u015e<\/strong>We evaluate all your requests as quickly as possible and offer you customized solutions.<\/p>\t\t\t\t\t\t\t\t<\/div>\n\t\t\t\t<div class=\"elementor-element elementor-element-f652756 elementor-widget__width-initial elementor-icon-list--layout-traditional elementor-list-item-link-full_width elementor-widget elementor-widget-icon-list\" data-id=\"f652756\" data-element_type=\"widget\" data-widget_type=\"icon-list.default\">\n\t\t\t\t\t\t\t<ul class=\"elementor-icon-list-items\">\n\t\t\t\t\t\t\t<li class=\"elementor-icon-list-item\">\n\t\t\t\t\t\t\t\t\t\t\t<span class=\"elementor-icon-list-icon\">\n\t\t\t\t\t\t\t<svg xmlns=\"http:\/\/www.w3.org\/2000\/svg\" xmlns:xlink=\"http:\/\/www.w3.org\/1999\/xlink\" width=\"512\" height=\"512\" x=\"0\" y=\"0\" viewbox=\"0 0 512 512\" style=\"enable-background:new 0 0 512 512\" xml:space=\"preserve\" class=\"\"><g><path d=\"M341.476 338.285c54.483-85.493 47.634-74.827 49.204-77.056C410.516 233.251 421 200.322 421 166 421 74.98 347.139 0 256 0 165.158 0 91 74.832 91 166c0 34.3 10.704 68.091 31.19 96.446l48.332 75.84C118.847 346.227 31 369.892 31 422c0 18.995 12.398 46.065 71.462 67.159C143.704 503.888 198.231 512 256 512c108.025 0 225-30.472 225-90 0-52.117-87.744-75.757-139.524-83.715zm-194.227-92.34a15.57 15.57 0 0 0-.517-.758C129.685 221.735 121 193.941 121 166c0-75.018 60.406-136 135-136 74.439 0 135 61.009 135 136 0 27.986-8.521 54.837-24.646 77.671-1.445 1.906 6.094-9.806-110.354 172.918L147.249 245.945zM256 482c-117.994 0-195-34.683-195-60 0-17.016 39.568-44.995 127.248-55.901l55.102 86.463a14.998 14.998 0 0 0 25.298 0l55.101-86.463C411.431 377.005 451 404.984 451 422c0 25.102-76.313 60-195 60z\" fill=\"#7a6561\" opacity=\"1\" data-original=\"#000000\" class=\"\"><\/path><path d=\"M256 91c-41.355 0-75 33.645-75 75s33.645 75 75 75 75-33.645 75-75-33.645-75-75-75zm0 120c-24.813 0-45-20.187-45-45s20.187-45 45-45 45 20.187 45 45-20.187 45-45 45z\" fill=\"#7a6561\" opacity=\"1\" data-original=\"#000000\" class=\"\"><\/path><\/g><\/svg>\t\t\t\t\t\t<\/span>\n\t\t\t\t\t\t\t\t\t\t<span class=\"elementor-icon-list-text\">Ye\u015filova Mah. \u0130\u00e7ten Sok.No:12 Do\u011fa Park Rezidans \u0130zmit \/Kocaeli<\/span>\n\t\t\t\t\t\t\t\t\t<\/li>\n\t\t\t\t\t\t\t\t<li class=\"elementor-icon-list-item\">\n\t\t\t\t\t\t\t\t\t\t\t<a href=\"mailto:%20info@matgroupas.com\">\n\n\t\t\t\t\t\t\t\t\t\t\t\t<span class=\"elementor-icon-list-icon\">\n\t\t\t\t\t\t\t<svg xmlns=\"http:\/\/www.w3.org\/2000\/svg\" xmlns:xlink=\"http:\/\/www.w3.org\/1999\/xlink\" width=\"512\" height=\"512\" x=\"0\" y=\"0\" viewbox=\"0 0 512 512\" style=\"enable-background:new 0 0 512 512\" xml:space=\"preserve\" class=\"\"><g><path d=\"M467 76H45C20.137 76 0 96.262 0 121v270c0 24.885 20.285 45 45 45h422c24.655 0 45-20.03 45-45V121c0-24.694-20.057-45-45-45zm-6.302 30L287.82 277.967c-8.5 8.5-19.8 13.18-31.82 13.18s-23.32-4.681-31.848-13.208L51.302 106h409.396zM30 384.894V127.125L159.638 256.08 30 384.894zM51.321 406l129.587-128.763 22.059 21.943c14.166 14.166 33 21.967 53.033 21.967s38.867-7.801 53.005-21.939l22.087-21.971L460.679 406H51.321zM482 384.894 352.362 256.08 482 127.125v257.769z\" fill=\"#7a6561\" opacity=\"1\" data-original=\"#000000\" class=\"\"><\/path><\/g><\/svg>\t\t\t\t\t\t<\/span>\n\t\t\t\t\t\t\t\t\t\t<span class=\"elementor-icon-list-text\">info@matgrupas.com<\/span>\n\t\t\t\t\t\t\t\t\t\t\t<\/a>\n\t\t\t\t\t\t\t\t\t<\/li>\n\t\t\t\t\t\t\t\t<li class=\"elementor-icon-list-item\">\n\t\t\t\t\t\t\t\t\t\t\t<span class=\"elementor-icon-list-icon\">\n\t\t\t\t\t\t\t<svg xmlns=\"http:\/\/www.w3.org\/2000\/svg\" xmlns:xlink=\"http:\/\/www.w3.org\/1999\/xlink\" width=\"512\" height=\"512\" x=\"0\" y=\"0\" viewbox=\"0 0 473.806 473.806\" style=\"enable-background:new 0 0 512 512\" xml:space=\"preserve\" class=\"\"><g><path d=\"M374.456 293.506c-9.7-10.1-21.4-15.5-33.8-15.5-12.3 0-24.1 5.3-34.2 15.4l-31.6 31.5c-2.6-1.4-5.2-2.7-7.7-4-3.6-1.8-7-3.5-9.9-5.3-29.6-18.8-56.5-43.3-82.3-75-12.5-15.8-20.9-29.1-27-42.6 8.2-7.5 15.8-15.3 23.2-22.8 2.8-2.8 5.6-5.7 8.4-8.5 21-21 21-48.2 0-69.2l-27.3-27.3c-3.1-3.1-6.3-6.3-9.3-9.5-6-6.2-12.3-12.6-18.8-18.6-9.7-9.6-21.3-14.7-33.5-14.7s-24 5.1-34 14.7l-.2.2-34 34.3c-12.8 12.8-20.1 28.4-21.7 46.5-2.4 29.2 6.2 56.4 12.8 74.2 16.2 43.7 40.4 84.2 76.5 127.6 43.8 52.3 96.5 93.6 156.7 122.7 23 10.9 53.7 23.8 88 26 2.1.1 4.3.2 6.3.2 23.1 0 42.5-8.3 57.7-24.8.1-.2.3-.3.4-.5 5.2-6.3 11.2-12 17.5-18.1 4.3-4.1 8.7-8.4 13-12.9 9.9-10.3 15.1-22.3 15.1-34.6 0-12.4-5.3-24.3-15.4-34.3l-54.9-55.1zm35.8 105.3c-.1 0-.1.1 0 0-3.9 4.2-7.9 8-12.2 12.2-6.5 6.2-13.1 12.7-19.3 20-10.1 10.8-22 15.9-37.6 15.9-1.5 0-3.1 0-4.6-.1-29.7-1.9-57.3-13.5-78-23.4-56.6-27.4-106.3-66.3-147.6-115.6-34.1-41.1-56.9-79.1-72-119.9-9.3-24.9-12.7-44.3-11.2-62.6 1-11.7 5.5-21.4 13.8-29.7l34.1-34.1c4.9-4.6 10.1-7.1 15.2-7.1 6.3 0 11.4 3.8 14.6 7l.3.3c6.1 5.7 11.9 11.6 18 17.9 3.1 3.2 6.3 6.4 9.5 9.7l27.3 27.3c10.6 10.6 10.6 20.4 0 31-2.9 2.9-5.7 5.8-8.6 8.6-8.4 8.6-16.4 16.6-25.1 24.4-.2.2-.4.3-.5.5-8.6 8.6-7 17-5.2 22.7l.3.9c7.1 17.2 17.1 33.4 32.3 52.7l.1.1c27.6 34 56.7 60.5 88.8 80.8 4.1 2.6 8.3 4.7 12.3 6.7 3.6 1.8 7 3.5 9.9 5.3.4.2.8.5 1.2.7 3.4 1.7 6.6 2.5 9.9 2.5 8.3 0 13.5-5.2 15.2-6.9l34.2-34.2c3.4-3.4 8.8-7.5 15.1-7.5 6.2 0 11.3 3.9 14.4 7.3l.2.2 55.1 55.1c10.3 10.2 10.3 20.7.1 31.3zM256.056 112.706c26.2 4.4 50 16.8 69 35.8s31.3 42.8 35.8 69c1.1 6.6 6.8 11.2 13.3 11.2.8 0 1.5-.1 2.3-.2 7.4-1.2 12.3-8.2 11.1-15.6-5.4-31.7-20.4-60.6-43.3-83.5s-51.8-37.9-83.5-43.3c-7.4-1.2-14.3 3.7-15.6 11s3.5 14.4 10.9 15.6zM473.256 209.006c-8.9-52.2-33.5-99.7-71.3-137.5s-85.3-62.4-137.5-71.3c-7.3-1.3-14.2 3.7-15.5 11-1.2 7.4 3.7 14.3 11.1 15.6 46.6 7.9 89.1 30 122.9 63.7 33.8 33.8 55.8 76.3 63.7 122.9 1.1 6.6 6.8 11.2 13.3 11.2.8 0 1.5-.1 2.3-.2 7.3-1.1 12.3-8.1 11-15.4z\" fill=\"#7a6561\" opacity=\"1\" data-original=\"#000000\" class=\"\"><\/path><\/g><\/svg>\t\t\t\t\t\t<\/span>\n\t\t\t\t\t\t\t\t\t\t<span class=\"elementor-icon-list-text\">0262 319 30 00<\/span>\n\t\t\t\t\t\t\t\t\t<\/li>\n\t\t\t\t\t\t\t\t<li class=\"elementor-icon-list-item\">\n\t\t\t\t\t\t\t\t\t\t\t<span class=\"elementor-icon-list-icon\">\n\t\t\t\t\t\t\t<svg xmlns=\"http:\/\/www.w3.org\/2000\/svg\" xmlns:xlink=\"http:\/\/www.w3.org\/1999\/xlink\" width=\"512\" height=\"512\" x=\"0\" y=\"0\" viewbox=\"0 0 473.806 473.806\" style=\"enable-background:new 0 0 512 512\" xml:space=\"preserve\" class=\"\"><g><path d=\"M374.456 293.506c-9.7-10.1-21.4-15.5-33.8-15.5-12.3 0-24.1 5.3-34.2 15.4l-31.6 31.5c-2.6-1.4-5.2-2.7-7.7-4-3.6-1.8-7-3.5-9.9-5.3-29.6-18.8-56.5-43.3-82.3-75-12.5-15.8-20.9-29.1-27-42.6 8.2-7.5 15.8-15.3 23.2-22.8 2.8-2.8 5.6-5.7 8.4-8.5 21-21 21-48.2 0-69.2l-27.3-27.3c-3.1-3.1-6.3-6.3-9.3-9.5-6-6.2-12.3-12.6-18.8-18.6-9.7-9.6-21.3-14.7-33.5-14.7s-24 5.1-34 14.7l-.2.2-34 34.3c-12.8 12.8-20.1 28.4-21.7 46.5-2.4 29.2 6.2 56.4 12.8 74.2 16.2 43.7 40.4 84.2 76.5 127.6 43.8 52.3 96.5 93.6 156.7 122.7 23 10.9 53.7 23.8 88 26 2.1.1 4.3.2 6.3.2 23.1 0 42.5-8.3 57.7-24.8.1-.2.3-.3.4-.5 5.2-6.3 11.2-12 17.5-18.1 4.3-4.1 8.7-8.4 13-12.9 9.9-10.3 15.1-22.3 15.1-34.6 0-12.4-5.3-24.3-15.4-34.3l-54.9-55.1zm35.8 105.3c-.1 0-.1.1 0 0-3.9 4.2-7.9 8-12.2 12.2-6.5 6.2-13.1 12.7-19.3 20-10.1 10.8-22 15.9-37.6 15.9-1.5 0-3.1 0-4.6-.1-29.7-1.9-57.3-13.5-78-23.4-56.6-27.4-106.3-66.3-147.6-115.6-34.1-41.1-56.9-79.1-72-119.9-9.3-24.9-12.7-44.3-11.2-62.6 1-11.7 5.5-21.4 13.8-29.7l34.1-34.1c4.9-4.6 10.1-7.1 15.2-7.1 6.3 0 11.4 3.8 14.6 7l.3.3c6.1 5.7 11.9 11.6 18 17.9 3.1 3.2 6.3 6.4 9.5 9.7l27.3 27.3c10.6 10.6 10.6 20.4 0 31-2.9 2.9-5.7 5.8-8.6 8.6-8.4 8.6-16.4 16.6-25.1 24.4-.2.2-.4.3-.5.5-8.6 8.6-7 17-5.2 22.7l.3.9c7.1 17.2 17.1 33.4 32.3 52.7l.1.1c27.6 34 56.7 60.5 88.8 80.8 4.1 2.6 8.3 4.7 12.3 6.7 3.6 1.8 7 3.5 9.9 5.3.4.2.8.5 1.2.7 3.4 1.7 6.6 2.5 9.9 2.5 8.3 0 13.5-5.2 15.2-6.9l34.2-34.2c3.4-3.4 8.8-7.5 15.1-7.5 6.2 0 11.3 3.9 14.4 7.3l.2.2 55.1 55.1c10.3 10.2 10.3 20.7.1 31.3zM256.056 112.706c26.2 4.4 50 16.8 69 35.8s31.3 42.8 35.8 69c1.1 6.6 6.8 11.2 13.3 11.2.8 0 1.5-.1 2.3-.2 7.4-1.2 12.3-8.2 11.1-15.6-5.4-31.7-20.4-60.6-43.3-83.5s-51.8-37.9-83.5-43.3c-7.4-1.2-14.3 3.7-15.6 11s3.5 14.4 10.9 15.6zM473.256 209.006c-8.9-52.2-33.5-99.7-71.3-137.5s-85.3-62.4-137.5-71.3c-7.3-1.3-14.2 3.7-15.5 11-1.2 7.4 3.7 14.3 11.1 15.6 46.6 7.9 89.1 30 122.9 63.7 33.8 33.8 55.8 76.3 63.7 122.9 1.1 6.6 6.8 11.2 13.3 11.2.8 0 1.5-.1 2.3-.2 7.3-1.1 12.3-8.1 11-15.4z\" fill=\"#7a6561\" opacity=\"1\" data-original=\"#000000\" class=\"\"><\/path><\/g><\/svg>\t\t\t\t\t\t<\/span>\n\t\t\t\t\t\t\t\t\t\t<span class=\"elementor-icon-list-text\">0543 747 92 20<\/span>\n\t\t\t\t\t\t\t\t\t<\/li>\n\t\t\t\t\t\t<\/ul>\n\t\t\t\t\t\t<\/div>\n\t\t\t\t<\/div>\n\t\t<div class=\"elementor-element elementor-element-871d02c e-con-full e-flex e-con e-child\" data-id=\"871d02c\" data-element_type=\"container\">\n\t\t\t\t<div class=\"elementor-element elementor-element-3512777 elementor-widget elementor-widget-heading\" data-id=\"3512777\" data-element_type=\"widget\" data-widget_type=\"heading.default\">\n\t\t\t\t\t<h2 class=\"elementor-heading-title elementor-size-default\">Contact Form<\/h2>\t\t\t\t<\/div>\n\t\t\t\t<div class=\"elementor-element elementor-element-4ed7b91 elementor-widget elementor-widget-shortcode\" data-id=\"4ed7b91\" data-element_type=\"widget\" data-widget_type=\"shortcode.default\">\n\t\t\t\t\t\t\t<div class=\"elementor-shortcode\">\n<div class=\"wpcf7 no-js\" id=\"wpcf7-f1139-o1\" lang=\"en-US\" dir=\"ltr\" data-wpcf7-id=\"1139\">\n<div class=\"screen-reader-response\"><p role=\"status\" aria-live=\"polite\" aria-atomic=\"true\"><\/p> <ul><\/ul><\/div>\n<form action=\"\/en\/wp-json\/wp\/v2\/pages\/1123#wpcf7-f1139-o1\" method=\"post\" class=\"wpcf7-form init\" aria-label=\"Contact form\" novalidate=\"novalidate\" data-status=\"init\" data-trp-original-action=\"\/en\/wp-json\/wp\/v2\/pages\/1123#wpcf7-f1139-o1\">\n<fieldset class=\"hidden-fields-container\"><input type=\"hidden\" name=\"_wpcf7\" value=\"1139\" \/><input type=\"hidden\" name=\"_wpcf7_version\" value=\"6.1.5\" \/><input type=\"hidden\" name=\"_wpcf7_locale\" value=\"en_US\" \/><input type=\"hidden\" name=\"_wpcf7_unit_tag\" value=\"wpcf7-f1139-o1\" \/><input type=\"hidden\" name=\"_wpcf7_container_post\" value=\"0\" \/><input type=\"hidden\" name=\"_wpcf7_posted_data_hash\" value=\"\" \/>\n<\/fieldset>\n<div id=\"contact-form\">\n   <div class=\"row\">\n      <div class=\"col-lg-6 mb-30\">\n         <div class=\"tp-form-input\">\n            <span class=\"wpcf7-form-control-wrap\" data-name=\"adiniz\"><input size=\"40\" maxlength=\"400\" class=\"wpcf7-form-control wpcf7-text wpcf7-validates-as-required\" aria-required=\"true\" aria-invalid=\"false\" placeholder=\"Ad\u0131n\u0131z Soyad\u0131n\u0131z*\" value=\"\" type=\"text\" name=\"adiniz\" \/><\/span><label for=\"name\"><i class=\"fa-regular fa-user\"><\/i><\/label>\n         <\/div>\n      <\/div>\n      <div class=\"col-lg-6 mb-30\">\n         <div class=\"tp-form-input\">\n            <span class=\"wpcf7-form-control-wrap\" data-name=\"tele\"><input size=\"40\" maxlength=\"400\" class=\"wpcf7-form-control wpcf7-tel wpcf7-validates-as-required wpcf7-text wpcf7-validates-as-tel\" aria-required=\"true\" aria-invalid=\"false\" placeholder=\"Phone*\" value=\"\" type=\"tel\" name=\"tele\" \/><\/span><label for=\"phone\"><i class=\"fa-regular fa-phone-flip\"><\/i><\/label>\n         <\/div>\n      <\/div>\n      <div class=\"col-lg-6 mb-30\">\n         <div class=\"tp-form-input\">\n            <span class=\"wpcf7-form-control-wrap\" data-name=\"emailadres\"><input size=\"40\" maxlength=\"400\" class=\"wpcf7-form-control wpcf7-email wpcf7-validates-as-required wpcf7-text wpcf7-validates-as-email\" aria-required=\"true\" aria-invalid=\"false\" placeholder=\"Email*\" value=\"\" type=\"email\" name=\"emailadres\" \/><\/span><label for=\"email\"><i class=\"fa-sharp fa-light fa-envelope\"><\/i><\/label>\n         <\/div>\n      <\/div>\n      <div class=\"col-lg-6 mb-30\">\n         <div class=\"tp-form-select\">\n            <span class=\"wpcf7-form-control-wrap\" data-name=\"projetipi-113\"><select class=\"wpcf7-form-control wpcf7-select wpcf7-validates-as-required\" aria-required=\"true\" aria-invalid=\"false\" name=\"projetipi-113\"><option value=\"\">Proje Tipi*<\/option><option value=\"Rezidans\">Rezidans<\/option><option value=\"Villa\">Villa<\/option><option value=\"Konut\">Residential<\/option><\/select><\/span>\n         <\/div>\n      <\/div>\n   <\/div>\n   <div class=\"tp-form-textarea mb-15\">\n      <span class=\"wpcf7-form-control-wrap\" data-name=\"textarea-752\"><textarea cols=\"40\" rows=\"10\" maxlength=\"2000\" class=\"wpcf7-form-control wpcf7-textarea wpcf7-validates-as-required\" aria-required=\"true\" aria-invalid=\"false\" placeholder=\"Your message*\" name=\"textarea-752\"><\/textarea><\/span><label for=\"message\"><i class=\"fa-regular fa-comment\"><\/i><\/label>\n   <\/div>\n   <div class=\"tp-form-checkbox mb-20\">\n      <input id=\"checkbox\" type=\"checkbox\">\n      <label for=\"checkbox\">Save my name, email address, and website in this browser for my next comment.<\/label>\n   <\/div>\n   <div class=\"tp-from-btn\">\n      <button class=\"tp-btn mt-10\" type=\"submit\">\n         <span class=\"explore-text\" data-text=\"G\u00f6nder\" ><input class=\"wpcf7-form-control wpcf7-submit has-spinner\" type=\"submit\" value=\"Send\" \/><\/span> \n         <span class=\"tp-arrow-angle\"> \n            <svg class=\"tp-arrow-svg-top-right\" xmlns=\"http:\/\/www.w3.org\/2000\/svg\" width=\"10\" height=\"10\" viewbox=\"0 0 10.00 10.00\">\n               <path d=\"M1.018 10.009 0 8.991l7.569-7.582H1.723L1.737 0h8.26v8.274H8.574l.013-5.847Z\" \/>\n               <path d=\"M1.018 10.009 0 8.991l7.569-7.582H1.723L1.737 0h8.26v8.274H8.574l.013-5.847Z\" \/>\n            <\/svg> \n         <\/span>\n      <\/button>\n      <p class=\"ajax-response\"><\/p>\n   <\/div>\n<\/div><div class=\"wpcf7-response-output\" aria-hidden=\"true\"><\/div>\n<input type=\"hidden\" name=\"trp-form-language\" value=\"en\"\/><\/form>\n<\/div>\n<\/div>\n\t\t\t\t\t\t<\/div>\n\t\t\t\t<\/div>\n\t\t\t\t\t<\/div>\n\t\t\t\t<\/div>\n\t\t<div class=\"elementor-element elementor-element-3ac962a e-flex e-con-boxed e-con e-parent\" data-id=\"3ac962a\" data-element_type=\"container\">\n\t\t\t\t\t<div class=\"e-con-inner\">\n\t\t\t\t<div class=\"elementor-element elementor-element-6e8d7b3 elementor-widget elementor-widget-heading\" data-id=\"6e8d7b3\" data-element_type=\"widget\" data-widget_type=\"heading.default\">\n\t\t\t\t\t<h2 class=\"elementor-heading-title elementor-size-default\">Our offices<\/h2>\t\t\t\t<\/div>\n\t\t\t\t\t<\/div>\n\t\t\t\t<\/div>\n\t\t<div class=\"elementor-element elementor-element-fc5888e e-flex e-con-boxed e-con e-parent\" data-id=\"fc5888e\" data-element_type=\"container\">\n\t\t\t\t\t<div class=\"e-con-inner\">\n\t\t<div class=\"elementor-element elementor-element-df885f1 e-con-full e-flex e-con e-child\" data-id=\"df885f1\" data-element_type=\"container\">\n\t\t\t\t<div class=\"elementor-element elementor-element-1e0f1e4 elementor-widget elementor-widget-image\" data-id=\"1e0f1e4\" data-element_type=\"widget\" data-widget_type=\"image.default\">\n\t\t\t\t\t\t\t\t\t\t\t\t\t\t\t<img fetchpriority=\"high\" decoding=\"async\" width=\"900\" height=\"600\" src=\"https:\/\/www.matgrupas.com\/wp-content\/uploads\/2025\/12\/mat-group-s-gorseller-2.jpg\" class=\"attachment-large size-large wp-image-3362\" alt=\"\" srcset=\"https:\/\/www.matgrupas.com\/wp-content\/uploads\/2025\/12\/mat-group-s-gorseller-2.jpg 900w, https:\/\/www.matgrupas.com\/wp-content\/uploads\/2025\/12\/mat-group-s-gorseller-2-300x200.jpg 300w, https:\/\/www.matgrupas.com\/wp-content\/uploads\/2025\/12\/mat-group-s-gorseller-2-768x512.jpg 768w, https:\/\/www.matgrupas.com\/wp-content\/uploads\/2025\/12\/mat-group-s-gorseller-2-18x12.jpg 18w\" sizes=\"(max-width: 900px) 100vw, 900px\" \/>\t\t\t\t\t\t\t\t\t\t\t\t\t\t\t<\/div>\n\t\t\t\t<div class=\"elementor-element elementor-element-0e2bce3 elementor-widget elementor-widget-heading\" data-id=\"0e2bce3\" data-element_type=\"widget\" data-widget_type=\"heading.default\">\n\t\t\t\t\t<h2 class=\"elementor-heading-title elementor-size-default\">\u0130zmit - Ye\u015filova<\/h2>\t\t\t\t<\/div>\n\t\t\t\t<\/div>\n\t\t<div class=\"elementor-element elementor-element-07549ab e-con-full e-flex e-con e-child\" data-id=\"07549ab\" data-element_type=\"container\">\n\t\t\t\t<div class=\"elementor-element elementor-element-0403b8a elementor-widget elementor-widget-image\" data-id=\"0403b8a\" data-element_type=\"widget\" data-widget_type=\"image.default\">\n\t\t\t\t\t\t\t\t\t\t\t\t\t\t\t<img fetchpriority=\"high\" decoding=\"async\" width=\"900\" height=\"600\" src=\"https:\/\/www.matgrupas.com\/wp-content\/uploads\/2025\/12\/mat-group-s-gorseller-2.jpg\" class=\"attachment-large size-large wp-image-3362\" alt=\"\" srcset=\"https:\/\/www.matgrupas.com\/wp-content\/uploads\/2025\/12\/mat-group-s-gorseller-2.jpg 900w, https:\/\/www.matgrupas.com\/wp-content\/uploads\/2025\/12\/mat-group-s-gorseller-2-300x200.jpg 300w, https:\/\/www.matgrupas.com\/wp-content\/uploads\/2025\/12\/mat-group-s-gorseller-2-768x512.jpg 768w, https:\/\/www.matgrupas.com\/wp-content\/uploads\/2025\/12\/mat-group-s-gorseller-2-18x12.jpg 18w\" sizes=\"(max-width: 900px) 100vw, 900px\" \/>\t\t\t\t\t\t\t\t\t\t\t\t\t\t\t<\/div>\n\t\t\t\t<div class=\"elementor-element elementor-element-9de0593 elementor-widget elementor-widget-heading\" data-id=\"9de0593\" data-element_type=\"widget\" data-widget_type=\"heading.default\">\n\t\t\t\t\t<h2 class=\"elementor-heading-title elementor-size-default\">\u0130zmit - Kabao\u011flu<\/h2>\t\t\t\t<\/div>\n\t\t\t\t<\/div>\n\t\t\t\t\t<\/div>\n\t\t\t\t<\/div>\n\t\t\t\t<\/div>","protected":false},"excerpt":{"rendered":"<p>\u0130leti\u015fim Bize Ula\u015f\u0131n MAT GRUP A.\u015e. olarak; konut, ticari, end\u00fcstriyel ve altyap\u0131 projelerinizde g\u00fcvenilir, s\u00fcrd\u00fcr\u00fclebilir ve m\u00fchendislik odakl\u0131 \u00e7\u00f6z\u00fcmler sunuyoruz. Projeleriniz hakk\u0131nda bilgi almak, i\u015f birli\u011fi f\u0131rsatlar\u0131n\u0131 de\u011ferlendirmek veya sorular\u0131n\u0131z\u0131 iletmek i\u00e7in bizimle ileti\u015fime ge\u00e7ebilirsiniz. \u0130leti\u015fim Bilgilerimiz Projelerimiz, hizmetlerimiz ve i\u015f birlikleri hakk\u0131nda detayl\u0131 bilgi almak i\u00e7in bizimle ileti\u015fime ge\u00e7ebilirsiniz. MAT GRUP A.\u015e. olarak t\u00fcm [&hellip;]<\/p>\n","protected":false},"author":1,"featured_media":0,"parent":0,"menu_order":0,"comment_status":"closed","ping_status":"closed","template":"page-templates\/other-pages.php","meta":{"footnotes":""},"class_list":["post-1123","page","type-page","status-publish","hentry"],"_links":{"self":[{"href":"https:\/\/www.matgrupas.com\/en\/wp-json\/wp\/v2\/pages\/1123","targetHints":{"allow":["GET"]}}],"collection":[{"href":"https:\/\/www.matgrupas.com\/en\/wp-json\/wp\/v2\/pages"}],"about":[{"href":"https:\/\/www.matgrupas.com\/en\/wp-json\/wp\/v2\/types\/page"}],"author":[{"embeddable":true,"href":"https:\/\/www.matgrupas.com\/en\/wp-json\/wp\/v2\/users\/1"}],"replies":[{"embeddable":true,"href":"https:\/\/www.matgrupas.com\/en\/wp-json\/wp\/v2\/comments?post=1123"}],"version-history":[{"count":143,"href":"https:\/\/www.matgrupas.com\/en\/wp-json\/wp\/v2\/pages\/1123\/revisions"}],"predecessor-version":[{"id":3955,"href":"https:\/\/www.matgrupas.com\/en\/wp-json\/wp\/v2\/pages\/1123\/revisions\/3955"}],"wp:attachment":[{"href":"https:\/\/www.matgrupas.com\/en\/wp-json\/wp\/v2\/media?parent=1123"}],"curies":[{"name":"wp","href":"https:\/\/api.w.org\/{rel}","templated":true}]}}