{"id":1106,"date":"2025-02-17T07:16:37","date_gmt":"2025-02-17T07:16:37","guid":{"rendered":"https:\/\/shthemes.net\/demosd\/ailandwp\/?page_id=1106"},"modified":"2025-12-31T15:23:46","modified_gmt":"2025-12-31T15:23:46","slug":"projeler","status":"publish","type":"page","link":"https:\/\/www.matgrupas.com\/en\/projeler\/","title":{"rendered":"Projects"},"content":{"rendered":"<div data-elementor-type=\"wp-page\" data-elementor-id=\"1106\" class=\"elementor elementor-1106\" data-elementor-post-type=\"page\">\n\t\t\t\t<div class=\"elementor-element elementor-element-0f4c260 e-con-full e-flex e-con e-parent\" data-id=\"0f4c260\" data-element_type=\"container\">\n\t\t\t\t<div class=\"elementor-element elementor-element-3da28a2 elementor-align-left elementor-widget elementor-widget-bdevs-banner-blog\" data-id=\"3da28a2\" data-element_type=\"widget\" data-widget_type=\"bdevs-banner-blog.default\">\n\t\t\t\t<div class=\"elementor-widget-container\">\n\t\t\t\t\t  \r\n\r\n\t<div class=\"tp-breadcrumb-area bg-position pt-100 p-relative fix\" data-background=\"https:\/\/matgrupas.com\/wp-content\/uploads\/2025\/02\/bg-4.jpg\">\r\n\t\t\t\t<div class=\"container\">\r\n\t\t\t<div class=\"row\">\r\n\t\t\t\t<div class=\"col-lg-12\">\r\n\t\t\t\t\t<div class=\"tp-breadcrumb-content pt-140 pb-140 text-center p-relative\">\r\n\t\t\t\t\t\t\t\t\t\t\t\t\t\t\t\t\t\t\t\t\t\t\t\t\t\t\t\t\t\t\t\t\t\t\t\t\t\t\t\t\t\t\t<h2 class=\"tp-breadcrumb-title tp-title-anim\">Our Projects<\/h2>\r\n\t\t\t\t\t\t\t\t\t\t\t<\/div>\r\n\t\t\t\t<\/div>\r\n\t\t\t<\/div>\r\n\t\t<\/div>\r\n\t<\/div>\r\n\r\n\t\t\t\t\t<\/div>\n\t\t\t\t<\/div>\n\t\t\t\t<\/div>\n\t\t<div class=\"elementor-element elementor-element-c2a8a51 e-con-full e-flex e-con e-parent\" data-id=\"c2a8a51\" data-element_type=\"container\">\n\t\t\t\t<div class=\"elementor-element elementor-element-244238c elementor-align-left elementor-widget elementor-widget-bdevs-portfolio-portfolio-page\" data-id=\"244238c\" data-element_type=\"widget\" data-widget_type=\"bdevs-portfolio-portfolio-page.default\">\n\t\t\t\t<div class=\"elementor-widget-container\">\n\t\t\t\t\t \n\n<div class=\"tp-portfolio-filter-area pt-135 pb-90\">\n\t<div class=\"container\">\n\t\t<div class=\"row\">\n\t\t\t<div class=\"col-lg-12 mb-50\">\n\t\t\t\t<div class=\"tp-portfolio-filter-btn masonary-menu\">\n\t\t\t\t\t<button data-filter=\"*\" class=\"active\">All<\/button>\n\t\t\t\t\t\t\t\t\t\t\t<button data-filter=\".endustriyel-yapilar\">Industrial Buildings<\/button>\n\t\t\t\t\t\t\t\t\t\t\t<button data-filter=\".rezidans\">Rezidans<\/button>\n\t\t\t\t\t\t\t\t\t\t\t<button data-filter=\".villa\">Villa<\/button>\n\t\t\t\t\t\t\t\t\t<\/div>\n\t\t\t<\/div>\n\t\t<\/div>\n\t\t<div class=\"grid row\">\n\t\t\t \n\t\t\t\t\t\t\t\t\t<div class=\"col-lg-3 col-md-6 grid-item rezidans  mb-60\">\n\t\t\t\t\t\t\t\t\t\t<div class=\"tp-portfolio-wrapper tp-portfolio-wrapper-2\">\n\t\t\t\t\t\t\t<div class=\"tp-portfolio-thumb fix mb-40\">\n\t\t\t\t\t\t\t\t<a href=\"https:\/\/www.matgrupas.com\/en\/portfolio\/doga-park-residence\/\">\n\t\t\t\t\t\t\t\t\t\t\t\t\t\t\t\t\t\t\t<img decoding=\"async\" class=\"w-100 ratio-21x25\" src=\"https:\/\/www.matgrupas.com\/wp-content\/uploads\/2025\/12\/doga-park.jpg\" alt=\"Do\u011fa Park Residence\">\n\t\t\t\t\t\t\t\t\t\t\t\t\t\t\t\t\t<\/a>\n\t\t\t\t\t\t\t<\/div>\n\t\t\t\t\t\t\t<div class=\"tp-portfolio-content\">\n\t\t\t\t\t\t\t\t<span class=\"mb-10\">\n\t\t\t\t\t\t\t\t\t_\n\t\t\t\t\t\t\t\t\t\t\t\t\t\t\t\t\t<\/span>\n\t\t\t\t\t\t\t\t<h3 class=\"tp-portfolio-title mb-30\"><a href=\"https:\/\/www.matgrupas.com\/en\/portfolio\/doga-park-residence\/\">Do\u011fa Park Residence<\/a><\/h3>\n\t\t\t\t\t\t\t\t<div class=\"tp-portfolio-icon\">\n\t\t\t\t\t\t\t\t\t<a class=\"tp-btn-round tp-btn-icon-hover\" href=\"https:\/\/www.matgrupas.com\/en\/portfolio\/doga-park-residence\/\">\n\t\t\t\t\t\t\t\t\t\t<span class=\"tp-btn-icon\">\n\t\t\t\t\t\t\t\t\t\t\t<svg width=\"13\" height=\"15\" viewbox=\"0 0 13 15\" fill=\"none\" xmlns=\"http:\/\/www.w3.org\/2000\/svg\">\n\t\t\t\t\t\t\t\t\t\t\t\t<path d=\"M12.0646 1.78224C12.0163 1.23208 11.5311 0.825249 10.981 0.873568L2.01549 1.66097C1.46532 1.70929 1.05849 2.19446 1.10681 2.74462C1.15513 3.29479 1.6403 3.70162 2.19047 3.6533L10.1598 2.95339L10.8597 10.9227C10.908 11.4729 11.3932 11.8797 11.9434 11.8314C12.4935 11.7831 12.9004 11.2979 12.852 10.7477L12.0646 1.78224ZM1.55422 14.7724L11.8347 2.51227L10.3022 1.2272L0.0217046 13.4874L1.55422 14.7724Z\" fill=\"currentColor\" \/>\n\t\t\t\t\t\t\t\t\t\t\t<\/svg>\n\t\t\t\t\t\t\t\t\t\t\t<svg width=\"13\" height=\"15\" viewbox=\"0 0 13 15\" fill=\"none\" xmlns=\"http:\/\/www.w3.org\/2000\/svg\">\n\t\t\t\t\t\t\t\t\t\t\t\t<path d=\"M12.0646 1.78224C12.0163 1.23208 11.5311 0.825249 10.981 0.873568L2.01549 1.66097C1.46532 1.70929 1.05849 2.19446 1.10681 2.74462C1.15513 3.29479 1.6403 3.70162 2.19047 3.6533L10.1598 2.95339L10.8597 10.9227C10.908 11.4729 11.3932 11.8797 11.9434 11.8314C12.4935 11.7831 12.9004 11.2979 12.852 10.7477L12.0646 1.78224ZM1.55422 14.7724L11.8347 2.51227L10.3022 1.2272L0.0217046 13.4874L1.55422 14.7724Z\" fill=\"currentColor\" \/>\n\t\t\t\t\t\t\t\t\t\t\t<\/svg>\n\t\t\t\t\t\t\t\t\t\t<\/span>\n\t\t\t\t\t\t\t\t\t<\/a>\n\t\t\t\t\t\t\t\t<\/div>\n\t\t\t\t\t\t\t<\/div>\n\t\t\t\t\t\t<\/div>\n\t\t\t\t\t<\/div>\n\t\t\t \n\t\t\t\t\t\t\t\t\t<div class=\"col-lg-3 col-md-6 grid-item rezidans villa  mb-60\">\n\t\t\t\t\t\t\t\t\t\t<div class=\"tp-portfolio-wrapper tp-portfolio-wrapper-2\">\n\t\t\t\t\t\t\t<div class=\"tp-portfolio-thumb fix mb-40\">\n\t\t\t\t\t\t\t\t<a href=\"https:\/\/www.matgrupas.com\/en\/portfolio\/doga-andiz-villalari\/\">\n\t\t\t\t\t\t\t\t\t\t\t\t\t\t\t\t\t\t\t<img decoding=\"async\" class=\"w-100 ratio-21x25\" src=\"https:\/\/www.matgrupas.com\/wp-content\/uploads\/2025\/12\/2005f8a1-e9ea-4bf5-9874-0c45b758f797-1-1.jpg\" alt=\"Do\u011fa And\u0131z Villalar\u0131\">\n\t\t\t\t\t\t\t\t\t\t\t\t\t\t\t\t\t<\/a>\n\t\t\t\t\t\t\t<\/div>\n\t\t\t\t\t\t\t<div class=\"tp-portfolio-content\">\n\t\t\t\t\t\t\t\t<span class=\"mb-10\">\n\t\t\t\t\t\t\t\t\t_\n\t\t\t\t\t\t\t\t\t\t\t\t\t\t\t\t\t<\/span>\n\t\t\t\t\t\t\t\t<h3 class=\"tp-portfolio-title mb-30\"><a href=\"https:\/\/www.matgrupas.com\/en\/portfolio\/doga-andiz-villalari\/\">Do\u011fa And\u0131z Villalar\u0131<\/a><\/h3>\n\t\t\t\t\t\t\t\t<div class=\"tp-portfolio-icon\">\n\t\t\t\t\t\t\t\t\t<a class=\"tp-btn-round tp-btn-icon-hover\" href=\"https:\/\/www.matgrupas.com\/en\/portfolio\/doga-andiz-villalari\/\">\n\t\t\t\t\t\t\t\t\t\t<span class=\"tp-btn-icon\">\n\t\t\t\t\t\t\t\t\t\t\t<svg width=\"13\" height=\"15\" viewbox=\"0 0 13 15\" fill=\"none\" xmlns=\"http:\/\/www.w3.org\/2000\/svg\">\n\t\t\t\t\t\t\t\t\t\t\t\t<path d=\"M12.0646 1.78224C12.0163 1.23208 11.5311 0.825249 10.981 0.873568L2.01549 1.66097C1.46532 1.70929 1.05849 2.19446 1.10681 2.74462C1.15513 3.29479 1.6403 3.70162 2.19047 3.6533L10.1598 2.95339L10.8597 10.9227C10.908 11.4729 11.3932 11.8797 11.9434 11.8314C12.4935 11.7831 12.9004 11.2979 12.852 10.7477L12.0646 1.78224ZM1.55422 14.7724L11.8347 2.51227L10.3022 1.2272L0.0217046 13.4874L1.55422 14.7724Z\" fill=\"currentColor\" \/>\n\t\t\t\t\t\t\t\t\t\t\t<\/svg>\n\t\t\t\t\t\t\t\t\t\t\t<svg width=\"13\" height=\"15\" viewbox=\"0 0 13 15\" fill=\"none\" xmlns=\"http:\/\/www.w3.org\/2000\/svg\">\n\t\t\t\t\t\t\t\t\t\t\t\t<path d=\"M12.0646 1.78224C12.0163 1.23208 11.5311 0.825249 10.981 0.873568L2.01549 1.66097C1.46532 1.70929 1.05849 2.19446 1.10681 2.74462C1.15513 3.29479 1.6403 3.70162 2.19047 3.6533L10.1598 2.95339L10.8597 10.9227C10.908 11.4729 11.3932 11.8797 11.9434 11.8314C12.4935 11.7831 12.9004 11.2979 12.852 10.7477L12.0646 1.78224ZM1.55422 14.7724L11.8347 2.51227L10.3022 1.2272L0.0217046 13.4874L1.55422 14.7724Z\" fill=\"currentColor\" \/>\n\t\t\t\t\t\t\t\t\t\t\t<\/svg>\n\t\t\t\t\t\t\t\t\t\t<\/span>\n\t\t\t\t\t\t\t\t\t<\/a>\n\t\t\t\t\t\t\t\t<\/div>\n\t\t\t\t\t\t\t<\/div>\n\t\t\t\t\t\t<\/div>\n\t\t\t\t\t<\/div>\n\t\t\t \n\t\t\t\t\t\t\t\t\t<div class=\"col-lg-3 col-md-6 grid-item endustriyel-yapilar  mb-60\">\n\t\t\t\t\t\t\t\t\t\t<div class=\"tp-portfolio-wrapper tp-portfolio-wrapper-2\">\n\t\t\t\t\t\t\t<div class=\"tp-portfolio-thumb fix mb-40\">\n\t\t\t\t\t\t\t\t<a href=\"https:\/\/www.matgrupas.com\/en\/portfolio\/mat-fabrika\/\">\n\t\t\t\t\t\t\t\t\t\t\t\t\t\t\t\t\t\t\t<img decoding=\"async\" class=\"w-100 ratio-21x25\" src=\"https:\/\/www.matgrupas.com\/wp-content\/uploads\/2025\/12\/mat-grup-fabrika.jpg\" alt=\"Mat Fabrika\">\n\t\t\t\t\t\t\t\t\t\t\t\t\t\t\t\t\t<\/a>\n\t\t\t\t\t\t\t<\/div>\n\t\t\t\t\t\t\t<div class=\"tp-portfolio-content\">\n\t\t\t\t\t\t\t\t<span class=\"mb-10\">\n\t\t\t\t\t\t\t\t\t_\n\t\t\t\t\t\t\t\t\t\t\t\t\t\t\t\t\t<\/span>\n\t\t\t\t\t\t\t\t<h3 class=\"tp-portfolio-title mb-30\"><a href=\"https:\/\/www.matgrupas.com\/en\/portfolio\/mat-fabrika\/\">Mat Factory<\/a><\/h3>\n\t\t\t\t\t\t\t\t<div class=\"tp-portfolio-icon\">\n\t\t\t\t\t\t\t\t\t<a class=\"tp-btn-round tp-btn-icon-hover\" href=\"https:\/\/www.matgrupas.com\/en\/portfolio\/mat-fabrika\/\">\n\t\t\t\t\t\t\t\t\t\t<span class=\"tp-btn-icon\">\n\t\t\t\t\t\t\t\t\t\t\t<svg width=\"13\" height=\"15\" viewbox=\"0 0 13 15\" fill=\"none\" xmlns=\"http:\/\/www.w3.org\/2000\/svg\">\n\t\t\t\t\t\t\t\t\t\t\t\t<path d=\"M12.0646 1.78224C12.0163 1.23208 11.5311 0.825249 10.981 0.873568L2.01549 1.66097C1.46532 1.70929 1.05849 2.19446 1.10681 2.74462C1.15513 3.29479 1.6403 3.70162 2.19047 3.6533L10.1598 2.95339L10.8597 10.9227C10.908 11.4729 11.3932 11.8797 11.9434 11.8314C12.4935 11.7831 12.9004 11.2979 12.852 10.7477L12.0646 1.78224ZM1.55422 14.7724L11.8347 2.51227L10.3022 1.2272L0.0217046 13.4874L1.55422 14.7724Z\" fill=\"currentColor\" \/>\n\t\t\t\t\t\t\t\t\t\t\t<\/svg>\n\t\t\t\t\t\t\t\t\t\t\t<svg width=\"13\" height=\"15\" viewbox=\"0 0 13 15\" fill=\"none\" xmlns=\"http:\/\/www.w3.org\/2000\/svg\">\n\t\t\t\t\t\t\t\t\t\t\t\t<path d=\"M12.0646 1.78224C12.0163 1.23208 11.5311 0.825249 10.981 0.873568L2.01549 1.66097C1.46532 1.70929 1.05849 2.19446 1.10681 2.74462C1.15513 3.29479 1.6403 3.70162 2.19047 3.6533L10.1598 2.95339L10.8597 10.9227C10.908 11.4729 11.3932 11.8797 11.9434 11.8314C12.4935 11.7831 12.9004 11.2979 12.852 10.7477L12.0646 1.78224ZM1.55422 14.7724L11.8347 2.51227L10.3022 1.2272L0.0217046 13.4874L1.55422 14.7724Z\" fill=\"currentColor\" \/>\n\t\t\t\t\t\t\t\t\t\t\t<\/svg>\n\t\t\t\t\t\t\t\t\t\t<\/span>\n\t\t\t\t\t\t\t\t\t<\/a>\n\t\t\t\t\t\t\t\t<\/div>\n\t\t\t\t\t\t\t<\/div>\n\t\t\t\t\t\t<\/div>\n\t\t\t\t\t<\/div>\n\t\t\t \n\t\t\t\t\t\t\t\t\t<div class=\"col-lg-3 col-md-6 grid-item endustriyel-yapilar  mb-60\">\n\t\t\t\t\t\t\t\t\t\t<div class=\"tp-portfolio-wrapper tp-portfolio-wrapper-2\">\n\t\t\t\t\t\t\t<div class=\"tp-portfolio-thumb fix mb-40\">\n\t\t\t\t\t\t\t\t<a href=\"https:\/\/www.matgrupas.com\/en\/portfolio\/izaydas\/\">\n\t\t\t\t\t\t\t\t\t\t\t\t\t\t\t\t\t\t\t<img decoding=\"async\" class=\"w-100 ratio-21x25\" src=\"https:\/\/www.matgrupas.com\/wp-content\/uploads\/2025\/12\/izaydas-1.png\" alt=\"\u0130zayda\u015f\">\n\t\t\t\t\t\t\t\t\t\t\t\t\t\t\t\t\t<\/a>\n\t\t\t\t\t\t\t<\/div>\n\t\t\t\t\t\t\t<div class=\"tp-portfolio-content\">\n\t\t\t\t\t\t\t\t<span class=\"mb-10\">\n\t\t\t\t\t\t\t\t\t_\n\t\t\t\t\t\t\t\t\t\t\t\t\t\t\t\t\t<\/span>\n\t\t\t\t\t\t\t\t<h3 class=\"tp-portfolio-title mb-30\"><a href=\"https:\/\/www.matgrupas.com\/en\/portfolio\/izaydas\/\">\u0130zayda\u015f<\/a><\/h3>\n\t\t\t\t\t\t\t\t<div class=\"tp-portfolio-icon\">\n\t\t\t\t\t\t\t\t\t<a class=\"tp-btn-round tp-btn-icon-hover\" href=\"https:\/\/www.matgrupas.com\/en\/portfolio\/izaydas\/\">\n\t\t\t\t\t\t\t\t\t\t<span class=\"tp-btn-icon\">\n\t\t\t\t\t\t\t\t\t\t\t<svg width=\"13\" height=\"15\" viewbox=\"0 0 13 15\" fill=\"none\" xmlns=\"http:\/\/www.w3.org\/2000\/svg\">\n\t\t\t\t\t\t\t\t\t\t\t\t<path d=\"M12.0646 1.78224C12.0163 1.23208 11.5311 0.825249 10.981 0.873568L2.01549 1.66097C1.46532 1.70929 1.05849 2.19446 1.10681 2.74462C1.15513 3.29479 1.6403 3.70162 2.19047 3.6533L10.1598 2.95339L10.8597 10.9227C10.908 11.4729 11.3932 11.8797 11.9434 11.8314C12.4935 11.7831 12.9004 11.2979 12.852 10.7477L12.0646 1.78224ZM1.55422 14.7724L11.8347 2.51227L10.3022 1.2272L0.0217046 13.4874L1.55422 14.7724Z\" fill=\"currentColor\" \/>\n\t\t\t\t\t\t\t\t\t\t\t<\/svg>\n\t\t\t\t\t\t\t\t\t\t\t<svg width=\"13\" height=\"15\" viewbox=\"0 0 13 15\" fill=\"none\" xmlns=\"http:\/\/www.w3.org\/2000\/svg\">\n\t\t\t\t\t\t\t\t\t\t\t\t<path d=\"M12.0646 1.78224C12.0163 1.23208 11.5311 0.825249 10.981 0.873568L2.01549 1.66097C1.46532 1.70929 1.05849 2.19446 1.10681 2.74462C1.15513 3.29479 1.6403 3.70162 2.19047 3.6533L10.1598 2.95339L10.8597 10.9227C10.908 11.4729 11.3932 11.8797 11.9434 11.8314C12.4935 11.7831 12.9004 11.2979 12.852 10.7477L12.0646 1.78224ZM1.55422 14.7724L11.8347 2.51227L10.3022 1.2272L0.0217046 13.4874L1.55422 14.7724Z\" fill=\"currentColor\" \/>\n\t\t\t\t\t\t\t\t\t\t\t<\/svg>\n\t\t\t\t\t\t\t\t\t\t<\/span>\n\t\t\t\t\t\t\t\t\t<\/a>\n\t\t\t\t\t\t\t\t<\/div>\n\t\t\t\t\t\t\t<\/div>\n\t\t\t\t\t\t<\/div>\n\t\t\t\t\t<\/div>\n\t\t\t \n\t\t\t\t\t\t\t\t\t<div class=\"col-lg-3 col-md-6 grid-item endustriyel-yapilar  mb-60\">\n\t\t\t\t\t\t\t\t\t\t<div class=\"tp-portfolio-wrapper tp-portfolio-wrapper-2\">\n\t\t\t\t\t\t\t<div class=\"tp-portfolio-thumb fix mb-40\">\n\t\t\t\t\t\t\t\t<a href=\"https:\/\/www.matgrupas.com\/en\/portfolio\/denso-otomotiv\/\">\n\t\t\t\t\t\t\t\t\t\t\t\t\t\t\t\t\t\t\t<img decoding=\"async\" class=\"w-100 ratio-21x25\" src=\"https:\/\/www.matgrupas.com\/wp-content\/uploads\/2025\/12\/denso-otomotiv.jpg\" alt=\"Denso Otomotiv\">\n\t\t\t\t\t\t\t\t\t\t\t\t\t\t\t\t\t<\/a>\n\t\t\t\t\t\t\t<\/div>\n\t\t\t\t\t\t\t<div class=\"tp-portfolio-content\">\n\t\t\t\t\t\t\t\t<span class=\"mb-10\">\n\t\t\t\t\t\t\t\t\t_\n\t\t\t\t\t\t\t\t\t\t\t\t\t\t\t\t\t<\/span>\n\t\t\t\t\t\t\t\t<h3 class=\"tp-portfolio-title mb-30\"><a href=\"https:\/\/www.matgrupas.com\/en\/portfolio\/denso-otomotiv\/\">Denso Otomotiv<\/a><\/h3>\n\t\t\t\t\t\t\t\t<div class=\"tp-portfolio-icon\">\n\t\t\t\t\t\t\t\t\t<a class=\"tp-btn-round tp-btn-icon-hover\" href=\"https:\/\/www.matgrupas.com\/en\/portfolio\/denso-otomotiv\/\">\n\t\t\t\t\t\t\t\t\t\t<span class=\"tp-btn-icon\">\n\t\t\t\t\t\t\t\t\t\t\t<svg width=\"13\" height=\"15\" viewbox=\"0 0 13 15\" fill=\"none\" xmlns=\"http:\/\/www.w3.org\/2000\/svg\">\n\t\t\t\t\t\t\t\t\t\t\t\t<path d=\"M12.0646 1.78224C12.0163 1.23208 11.5311 0.825249 10.981 0.873568L2.01549 1.66097C1.46532 1.70929 1.05849 2.19446 1.10681 2.74462C1.15513 3.29479 1.6403 3.70162 2.19047 3.6533L10.1598 2.95339L10.8597 10.9227C10.908 11.4729 11.3932 11.8797 11.9434 11.8314C12.4935 11.7831 12.9004 11.2979 12.852 10.7477L12.0646 1.78224ZM1.55422 14.7724L11.8347 2.51227L10.3022 1.2272L0.0217046 13.4874L1.55422 14.7724Z\" fill=\"currentColor\" \/>\n\t\t\t\t\t\t\t\t\t\t\t<\/svg>\n\t\t\t\t\t\t\t\t\t\t\t<svg width=\"13\" height=\"15\" viewbox=\"0 0 13 15\" fill=\"none\" xmlns=\"http:\/\/www.w3.org\/2000\/svg\">\n\t\t\t\t\t\t\t\t\t\t\t\t<path d=\"M12.0646 1.78224C12.0163 1.23208 11.5311 0.825249 10.981 0.873568L2.01549 1.66097C1.46532 1.70929 1.05849 2.19446 1.10681 2.74462C1.15513 3.29479 1.6403 3.70162 2.19047 3.6533L10.1598 2.95339L10.8597 10.9227C10.908 11.4729 11.3932 11.8797 11.9434 11.8314C12.4935 11.7831 12.9004 11.2979 12.852 10.7477L12.0646 1.78224ZM1.55422 14.7724L11.8347 2.51227L10.3022 1.2272L0.0217046 13.4874L1.55422 14.7724Z\" fill=\"currentColor\" \/>\n\t\t\t\t\t\t\t\t\t\t\t<\/svg>\n\t\t\t\t\t\t\t\t\t\t<\/span>\n\t\t\t\t\t\t\t\t\t<\/a>\n\t\t\t\t\t\t\t\t<\/div>\n\t\t\t\t\t\t\t<\/div>\n\t\t\t\t\t\t<\/div>\n\t\t\t\t\t<\/div>\n\t\t\t \n\t\t\t\t\t\t\t\t\t<div class=\"col-lg-3 col-md-6 grid-item endustriyel-yapilar  mb-60\">\n\t\t\t\t\t\t\t\t\t\t<div class=\"tp-portfolio-wrapper tp-portfolio-wrapper-2\">\n\t\t\t\t\t\t\t<div class=\"tp-portfolio-thumb fix mb-40\">\n\t\t\t\t\t\t\t\t<a href=\"https:\/\/www.matgrupas.com\/en\/portfolio\/even-mat\/\">\n\t\t\t\t\t\t\t\t\t\t\t\t\t\t\t\t\t\t\t<img decoding=\"async\" class=\"w-100 ratio-21x25\" src=\"https:\/\/www.matgrupas.com\/wp-content\/uploads\/2025\/12\/KENTIM-AS-2.jpg\" alt=\"Even Mat\">\n\t\t\t\t\t\t\t\t\t\t\t\t\t\t\t\t\t<\/a>\n\t\t\t\t\t\t\t<\/div>\n\t\t\t\t\t\t\t<div class=\"tp-portfolio-content\">\n\t\t\t\t\t\t\t\t<span class=\"mb-10\">\n\t\t\t\t\t\t\t\t\t_\n\t\t\t\t\t\t\t\t\t\t\t\t\t\t\t\t\t<\/span>\n\t\t\t\t\t\t\t\t<h3 class=\"tp-portfolio-title mb-30\"><a href=\"https:\/\/www.matgrupas.com\/en\/portfolio\/even-mat\/\">Even Mat<\/a><\/h3>\n\t\t\t\t\t\t\t\t<div class=\"tp-portfolio-icon\">\n\t\t\t\t\t\t\t\t\t<a class=\"tp-btn-round tp-btn-icon-hover\" href=\"https:\/\/www.matgrupas.com\/en\/portfolio\/even-mat\/\">\n\t\t\t\t\t\t\t\t\t\t<span class=\"tp-btn-icon\">\n\t\t\t\t\t\t\t\t\t\t\t<svg width=\"13\" height=\"15\" viewbox=\"0 0 13 15\" fill=\"none\" xmlns=\"http:\/\/www.w3.org\/2000\/svg\">\n\t\t\t\t\t\t\t\t\t\t\t\t<path d=\"M12.0646 1.78224C12.0163 1.23208 11.5311 0.825249 10.981 0.873568L2.01549 1.66097C1.46532 1.70929 1.05849 2.19446 1.10681 2.74462C1.15513 3.29479 1.6403 3.70162 2.19047 3.6533L10.1598 2.95339L10.8597 10.9227C10.908 11.4729 11.3932 11.8797 11.9434 11.8314C12.4935 11.7831 12.9004 11.2979 12.852 10.7477L12.0646 1.78224ZM1.55422 14.7724L11.8347 2.51227L10.3022 1.2272L0.0217046 13.4874L1.55422 14.7724Z\" fill=\"currentColor\" \/>\n\t\t\t\t\t\t\t\t\t\t\t<\/svg>\n\t\t\t\t\t\t\t\t\t\t\t<svg width=\"13\" height=\"15\" viewbox=\"0 0 13 15\" fill=\"none\" xmlns=\"http:\/\/www.w3.org\/2000\/svg\">\n\t\t\t\t\t\t\t\t\t\t\t\t<path d=\"M12.0646 1.78224C12.0163 1.23208 11.5311 0.825249 10.981 0.873568L2.01549 1.66097C1.46532 1.70929 1.05849 2.19446 1.10681 2.74462C1.15513 3.29479 1.6403 3.70162 2.19047 3.6533L10.1598 2.95339L10.8597 10.9227C10.908 11.4729 11.3932 11.8797 11.9434 11.8314C12.4935 11.7831 12.9004 11.2979 12.852 10.7477L12.0646 1.78224ZM1.55422 14.7724L11.8347 2.51227L10.3022 1.2272L0.0217046 13.4874L1.55422 14.7724Z\" fill=\"currentColor\" \/>\n\t\t\t\t\t\t\t\t\t\t\t<\/svg>\n\t\t\t\t\t\t\t\t\t\t<\/span>\n\t\t\t\t\t\t\t\t\t<\/a>\n\t\t\t\t\t\t\t\t<\/div>\n\t\t\t\t\t\t\t<\/div>\n\t\t\t\t\t\t<\/div>\n\t\t\t\t\t<\/div>\n\t\t\t \n\t\t\t\t\t\t\t\t\t<div class=\"col-lg-3 col-md-6 grid-item endustriyel-yapilar  mb-60\">\n\t\t\t\t\t\t\t\t\t\t<div class=\"tp-portfolio-wrapper tp-portfolio-wrapper-2\">\n\t\t\t\t\t\t\t<div class=\"tp-portfolio-thumb fix mb-40\">\n\t\t\t\t\t\t\t\t<a href=\"https:\/\/www.matgrupas.com\/en\/portfolio\/hayat-kimya\/\">\n\t\t\t\t\t\t\t\t\t\t\t\t\t\t\t\t\t\t\t<img decoding=\"async\" class=\"w-100 ratio-21x25\" src=\"https:\/\/www.matgrupas.com\/wp-content\/uploads\/2025\/12\/hayat-1.png\" alt=\"Hayat Kimya\">\n\t\t\t\t\t\t\t\t\t\t\t\t\t\t\t\t\t<\/a>\n\t\t\t\t\t\t\t<\/div>\n\t\t\t\t\t\t\t<div class=\"tp-portfolio-content\">\n\t\t\t\t\t\t\t\t<span class=\"mb-10\">\n\t\t\t\t\t\t\t\t\t_\n\t\t\t\t\t\t\t\t\t\t\t\t\t\t\t\t\t<\/span>\n\t\t\t\t\t\t\t\t<h3 class=\"tp-portfolio-title mb-30\"><a href=\"https:\/\/www.matgrupas.com\/en\/portfolio\/hayat-kimya\/\">Hayat Kimya<\/a><\/h3>\n\t\t\t\t\t\t\t\t<div class=\"tp-portfolio-icon\">\n\t\t\t\t\t\t\t\t\t<a class=\"tp-btn-round tp-btn-icon-hover\" href=\"https:\/\/www.matgrupas.com\/en\/portfolio\/hayat-kimya\/\">\n\t\t\t\t\t\t\t\t\t\t<span class=\"tp-btn-icon\">\n\t\t\t\t\t\t\t\t\t\t\t<svg width=\"13\" height=\"15\" viewbox=\"0 0 13 15\" fill=\"none\" xmlns=\"http:\/\/www.w3.org\/2000\/svg\">\n\t\t\t\t\t\t\t\t\t\t\t\t<path d=\"M12.0646 1.78224C12.0163 1.23208 11.5311 0.825249 10.981 0.873568L2.01549 1.66097C1.46532 1.70929 1.05849 2.19446 1.10681 2.74462C1.15513 3.29479 1.6403 3.70162 2.19047 3.6533L10.1598 2.95339L10.8597 10.9227C10.908 11.4729 11.3932 11.8797 11.9434 11.8314C12.4935 11.7831 12.9004 11.2979 12.852 10.7477L12.0646 1.78224ZM1.55422 14.7724L11.8347 2.51227L10.3022 1.2272L0.0217046 13.4874L1.55422 14.7724Z\" fill=\"currentColor\" \/>\n\t\t\t\t\t\t\t\t\t\t\t<\/svg>\n\t\t\t\t\t\t\t\t\t\t\t<svg width=\"13\" height=\"15\" viewbox=\"0 0 13 15\" fill=\"none\" xmlns=\"http:\/\/www.w3.org\/2000\/svg\">\n\t\t\t\t\t\t\t\t\t\t\t\t<path d=\"M12.0646 1.78224C12.0163 1.23208 11.5311 0.825249 10.981 0.873568L2.01549 1.66097C1.46532 1.70929 1.05849 2.19446 1.10681 2.74462C1.15513 3.29479 1.6403 3.70162 2.19047 3.6533L10.1598 2.95339L10.8597 10.9227C10.908 11.4729 11.3932 11.8797 11.9434 11.8314C12.4935 11.7831 12.9004 11.2979 12.852 10.7477L12.0646 1.78224ZM1.55422 14.7724L11.8347 2.51227L10.3022 1.2272L0.0217046 13.4874L1.55422 14.7724Z\" fill=\"currentColor\" \/>\n\t\t\t\t\t\t\t\t\t\t\t<\/svg>\n\t\t\t\t\t\t\t\t\t\t<\/span>\n\t\t\t\t\t\t\t\t\t<\/a>\n\t\t\t\t\t\t\t\t<\/div>\n\t\t\t\t\t\t\t<\/div>\n\t\t\t\t\t\t<\/div>\n\t\t\t\t\t<\/div>\n\t\t\t\t\t<\/div>\n\t<\/div>\n<\/div>\n\n\n\t\t\t\t\t<\/div>\n\t\t\t\t<\/div>\n\t\t\t\t<\/div>\n\t\t\t\t<\/div>","protected":false},"excerpt":{"rendered":"<p>Projelerimiz T\u00fcm\u00fc End\u00fcstriyel Yap\u0131lar Konut Rezidans Villa _ Do\u011fa Park Residence _ And\u0131z Villalar\u0131 _ Mat Fabrika _ \u0130zayda\u015f _ Ford Otosan _ Denso _ Even Mat _ Ufuk Balc\u0131 _ Mehmet \u00d6zy\u0131ld\u0131z _ Hayat Kimya<\/p>","protected":false},"author":1,"featured_media":0,"parent":0,"menu_order":0,"comment_status":"closed","ping_status":"closed","template":"page-templates\/other-pages.php","meta":{"footnotes":""},"class_list":["post-1106","page","type-page","status-publish","hentry"],"_links":{"self":[{"href":"https:\/\/www.matgrupas.com\/en\/wp-json\/wp\/v2\/pages\/1106","targetHints":{"allow":["GET"]}}],"collection":[{"href":"https:\/\/www.matgrupas.com\/en\/wp-json\/wp\/v2\/pages"}],"about":[{"href":"https:\/\/www.matgrupas.com\/en\/wp-json\/wp\/v2\/types\/page"}],"author":[{"embeddable":true,"href":"https:\/\/www.matgrupas.com\/en\/wp-json\/wp\/v2\/users\/1"}],"replies":[{"embeddable":true,"href":"https:\/\/www.matgrupas.com\/en\/wp-json\/wp\/v2\/comments?post=1106"}],"version-history":[{"count":27,"href":"https:\/\/www.matgrupas.com\/en\/wp-json\/wp\/v2\/pages\/1106\/revisions"}],"predecessor-version":[{"id":3732,"href":"https:\/\/www.matgrupas.com\/en\/wp-json\/wp\/v2\/pages\/1106\/revisions\/3732"}],"wp:attachment":[{"href":"https:\/\/www.matgrupas.com\/en\/wp-json\/wp\/v2\/media?parent=1106"}],"curies":[{"name":"wp","href":"https:\/\/api.w.org\/{rel}","templated":true}]}}